{"id":1111,"date":"2015-11-09T09:29:13","date_gmt":"2015-11-09T07:29:13","guid":{"rendered":"http:\/\/scoalavulcanbrasov.info\/?page_id=1111"},"modified":"2016-11-02T09:25:08","modified_gmt":"2016-11-02T07:25:08","slug":"educatia-in-comunitate-drum-cu-prioritate","status":"publish","type":"page","link":"https:\/\/scoalavulcanbrasov.info\/?page_id=1111","title":{"rendered":"Educa\u021bia in comunitate \u2013 Drum cu prioritate !"},"content":{"rendered":"<p style=\"text-align: justify;\"><a href=\"https:\/\/scoalavulcanbrasov.info\/wp-content\/uploads\/2015\/11\/afis-after-school-final.bmp\"><img loading=\"lazy\" decoding=\"async\" class=\"alignleft wp-image-1114\" src=\"https:\/\/scoalavulcanbrasov.info\/wp-content\/uploads\/2015\/11\/afis-after-school-final.bmp\" alt=\"afis after school final\" width=\"198\" height=\"118\" \/><\/a>\u00cen perioada septembrie \u2013 noiembrie 2015, la \u0218coala Gimnazial\u0103 Vulcan se desf\u0103\u0219oar\u0103 proiectul <span style=\"color: #ff0000;\"><strong>\u201cEduca\u021bia \u00een comunitate \u2013 Drum cu prioritate! \u201c &#8211; POSDRU\/188\/2.2\/S\/156054<\/strong><\/span>, partenere fiind la nivel central Inspectoratele \u0218colare Jude\u021bene Bra\u0219ov \u0219i Tulcea.<\/p>\n<p style=\"text-align: justify;\"><strong><span style=\"color: #0000ff;\">OBIECTIVELE PROIECTULUI :<\/span><\/strong><br \/>\n&#8211; cre\u015fterea gradului de con\u015ftientizare privind importan\u0163a educa\u0163iei pentru dezvoltarea comunit\u0103\u0163ilor \u00een ansamblul lor.<br \/>\n&#8211; Reducerea abandonului \u015fcolar la nivelul jude\u0163elor Tulcea si Bra\u015fov, prin dezvoltarea unor m\u0103suri educa\u0163ionale adaptate de interven\u0163ie \u00een 16 comunit\u0103\u0163i identificate.<\/p>\n<div style=\"text-align: justify;\">\n<p>Proiectul va genera beneficii pe termen lung prin cre\u015fterea nivelului de educa\u0163ie \u00een comunit\u0103\u0163ile vizate din cele dou\u0103 jude\u0163e, prin cre\u015fterea gradului de integrare social\u0103 a membrilor acestora \u015fi prin sporirea \u015fanselor de integrare pe pia\u0163a muncii.<\/p>\n<p><span style=\"color: #0000ff;\"><strong>GRUPUL \u021aINT\u0102 :<\/strong><\/span><br \/>\n&#8211; Persoane care au beneficiat de consiliere\/orientare \u2013 m\u0103suri preventive de p\u0103r\u0103sire timpurie a \u015fcolii<br \/>\n&#8211; Participan\u0163i la programe de educa\u0163ie de tip \u201eA doua \u015fans\u0103\u201d<\/p>\n<p>O parte component\u0103 a proiectului o constituie programul \u0218COAL\u0102 DUP\u0102 \u0218COAL\u0102 ! De acest program beneficiaz\u0103 un num\u0103r de 60 de elevi, selec\u021biona\u021bi \u00een baza unor criterii stabilite prin proiect, repartiza\u021bi \u00een 3 grupe de c\u00e2te 20 de elevi grupa\u021bi pe niveluri de studii.<\/p>\n<p>In data de 07.09.2015, a avut loc deschiderea oficial\u0103 a programului, \u00een prezen\u021ba elevilor beneficiari, profesorilor ce predau in acest proiect \u0219i a direc\u021biunii \u0219colii.<br \/>\nProgramul\u00a0 va fi tot zilnic (2 ore), dar la ore stabilite func\u021bie de programul orar al elevilor beneficiari.<\/p>\n<p><span style=\"color: #0000ff;\"><strong>ACTIVIT\u0102\u021aI CE SE VOR DESF\u0102\u0218URA \u00ceN CADRUL PROGRAMULUI \u0218COAL\u0102 DUP\u0102 \u0218COAL\u0102 :<\/strong><\/span><\/p>\n<p>&#8211; Activit\u0103\u021bi nonformale ;<br \/>\n&#8211; Aprofundarea competen\u021belor de limba rom\u00e2n\u0103 \u0219i englez\u0103 ;<br \/>\n&#8211; Competen\u021be matematice \u0219i digitale (TIC) ;<br \/>\n&#8211; Activit\u0103\u021bi recreative muzic\u0103 \u0219i mi\u0219care<\/p>\n<p><span style=\"color: #0000ff;\"><strong>RESURSA UMAN\u0102 :<\/strong><\/span><br \/>\nEchipe de c\u00e2te 2 cadre didactice calificate :<br \/>\n&#8211; Limba rom\u00e2n\u0103 \u0219i englez\u0103\/francez\u0103 : prof. Oprea Nicoleta \u0219i \u0218erban Bianca\/Schiopu Adina<br \/>\n&#8211; Matematic\u0103 \u0219i TIC : prof. Boer Milena si Urduzan Sever<br \/>\n&#8211; Muzic\u0103 \u0219i mi\u0219care : prof. Lucaci Sergiu \u0219i Mihai Iosif Donatian<\/p>\n<\/div>\n","protected":false},"excerpt":{"rendered":"<p>\u00cen perioada septembrie \u2013 noiembrie 2015, la \u0218coala Gimnazial\u0103 Vulcan se desf\u0103\u0219oar\u0103 proiectul \u201cEduca\u021bia \u00een comunitate \u2013 Drum cu prioritate! \u201c &#8211; POSDRU\/188\/2.2\/S\/156054, partenere fiind la nivel central Inspectoratele \u0218colare [&hellip;]<\/p>\n","protected":false},"author":1,"featured_media":0,"parent":645,"menu_order":0,"comment_status":"closed","ping_status":"closed","template":"","meta":{"footnotes":""},"_links":{"self":[{"href":"https:\/\/scoalavulcanbrasov.info\/index.php?rest_route=\/wp\/v2\/pages\/1111"}],"collection":[{"href":"https:\/\/scoalavulcanbrasov.info\/index.php?rest_route=\/wp\/v2\/pages"}],"about":[{"href":"https:\/\/scoalavulcanbrasov.info\/index.php?rest_route=\/wp\/v2\/types\/page"}],"author":[{"embeddable":true,"href":"https:\/\/scoalavulcanbrasov.info\/index.php?rest_route=\/wp\/v2\/users\/1"}],"replies":[{"embeddable":true,"href":"https:\/\/scoalavulcanbrasov.info\/index.php?rest_route=%2Fwp%2Fv2%2Fcomments&post=1111"}],"version-history":[{"count":4,"href":"https:\/\/scoalavulcanbrasov.info\/index.php?rest_route=\/wp\/v2\/pages\/1111\/revisions"}],"predecessor-version":[{"id":1250,"href":"https:\/\/scoalavulcanbrasov.info\/index.php?rest_route=\/wp\/v2\/pages\/1111\/revisions\/1250"}],"up":[{"embeddable":true,"href":"https:\/\/scoalavulcanbrasov.info\/index.php?rest_route=\/wp\/v2\/pages\/645"}],"wp:attachment":[{"href":"https:\/\/scoalavulcanbrasov.info\/index.php?rest_route=%2Fwp%2Fv2%2Fmedia&parent=1111"}],"curies":[{"name":"wp","href":"https:\/\/api.w.org\/{rel}","templated":true}]}}