{"id":13,"date":"2014-01-28T12:39:26","date_gmt":"2014-01-28T12:39:26","guid":{"rendered":"http:\/\/scoalavulcanbrasov.info\/?page_id=13"},"modified":"2023-11-10T08:37:08","modified_gmt":"2023-11-10T06:37:08","slug":"despre-noi","status":"publish","type":"page","link":"https:\/\/scoalavulcanbrasov.info\/?page_id=13","title":{"rendered":"Despre noi"},"content":{"rendered":"<p style=\"text-align: justify;\"><img loading=\"lazy\" decoding=\"async\" class=\"size-medium wp-image-12 alignleft\" src=\"https:\/\/scoalavulcanbrasov.info\/wp-content\/uploads\/2014\/01\/cropped-DSCF4490-300x125.jpg\" alt=\"cropped-DSCF4490.jpg\" width=\"300\" height=\"125\" srcset=\"https:\/\/scoalavulcanbrasov.info\/wp-content\/uploads\/2014\/01\/cropped-DSCF4490-300x125.jpg 300w, https:\/\/scoalavulcanbrasov.info\/wp-content\/uploads\/2014\/01\/cropped-DSCF4490-1024x427.jpg 1024w, https:\/\/scoalavulcanbrasov.info\/wp-content\/uploads\/2014\/01\/cropped-DSCF4490-250x104.jpg 250w, https:\/\/scoalavulcanbrasov.info\/wp-content\/uploads\/2014\/01\/cropped-DSCF4490-150x62.jpg 150w, https:\/\/scoalavulcanbrasov.info\/wp-content\/uploads\/2014\/01\/cropped-DSCF4490.jpg 1150w\" sizes=\"auto, (max-width: 300px) 100vw, 300px\" \/>\u00cemi aduc aminte cu mult\u0103 nostalgie de una dintre cele mai frumoase toamne din via\u0163a mea de p\u00e2n\u0103 acum: cea care mi-a oferit bucuria de a p\u0103\u015fi pentru prima dat\u0103 \u00een universul plin de farmec si mister al \u015fcolii. Parc\u0103 p\u0103\u015feam pe un t\u0103r\u00e2m de basm, \u015fcoala era castelul din poveste, iar z\u00e2na bun\u0103 era \u00eenv\u0103\u0163\u0103toarea. Cu pa\u015fi mici \u015fi cu ghiozdanul \u00een spate, \u0163in\u00e2nd-o str\u00e2ns de m\u00e2na pe mama, ne \u00eendreptam spre \u015fcoal\u0103. Eram m\u00e2ndru de mine \u015fi st\u0103p\u00e2nit de mari emo\u0163ii &#8230;.<br \/>\nCam a\u0219a ar suna povestea unui elev care intr\u0103 pentru prima dat\u0103 \u00eentr-o \u0219coal\u0103.<br \/>\nV\u0103 \u00eenvit\u0103m \u0219i pe dumneavoastr\u0103 s\u0103 p\u0103\u0219i\u021bi virtual al\u0103turi de noi \u00een aceast\u0103 \u0219coal\u0103 care se bucur\u0103 de considera\u0163ie \u00een r\u00e2ndurile elevilor \u015fi al p\u0103rin\u0163ilor pentru seriozitatea \u015fi calitatea educa\u0163iei \u015fi a instruirii. Este de asemenea de apreciat performan\u0163a profesional\u0103 \u00een activitatea didactic\u0103 a tuturor colectivelor de catedr\u0103 care s-au preocupat de buna pregatire a elevilor, ace\u015ftia ob\u0163in\u00e2nd rezultate bune la concursurile \u015fcolare \u015fi olimpiade, la examenele de admitere \u00een liceu, contribuind astfel la ridicarea prestigiului \u015fcolii.<\/p>\n<p><img loading=\"lazy\" decoding=\"async\" class=\"aligncenter wp-image-113 size-full\" src=\"https:\/\/scoalavulcanbrasov.info\/wp-content\/uploads\/2014\/01\/linie.png\" alt=\"linie\" width=\"296\" height=\"75\" srcset=\"https:\/\/scoalavulcanbrasov.info\/wp-content\/uploads\/2014\/01\/linie.png 296w, https:\/\/scoalavulcanbrasov.info\/wp-content\/uploads\/2014\/01\/linie-250x63.png 250w\" sizes=\"auto, (max-width: 296px) 100vw, 296px\" \/><\/p>\n<p style=\"text-align: justify;\"><a href=\"https:\/\/scoalavulcanbrasov.info\/wp-content\/uploads\/2023\/11\/MISIUNEA-SI-VIZIUNEA-ORGANIZATIEI-SCOLARE-page-001-scaled.jpg\"><img loading=\"lazy\" decoding=\"async\" class=\"aligncenter size-large wp-image-2529\" src=\"https:\/\/scoalavulcanbrasov.info\/wp-content\/uploads\/2023\/11\/MISIUNEA-SI-VIZIUNEA-ORGANIZATIEI-SCOLARE-page-001-1024x724.jpg\" alt=\"\" width=\"1024\" height=\"724\" srcset=\"https:\/\/scoalavulcanbrasov.info\/wp-content\/uploads\/2023\/11\/MISIUNEA-SI-VIZIUNEA-ORGANIZATIEI-SCOLARE-page-001-1024x724.jpg 1024w, https:\/\/scoalavulcanbrasov.info\/wp-content\/uploads\/2023\/11\/MISIUNEA-SI-VIZIUNEA-ORGANIZATIEI-SCOLARE-page-001-300x212.jpg 300w, https:\/\/scoalavulcanbrasov.info\/wp-content\/uploads\/2023\/11\/MISIUNEA-SI-VIZIUNEA-ORGANIZATIEI-SCOLARE-page-001-768x543.jpg 768w, https:\/\/scoalavulcanbrasov.info\/wp-content\/uploads\/2023\/11\/MISIUNEA-SI-VIZIUNEA-ORGANIZATIEI-SCOLARE-page-001-1536x1086.jpg 1536w, https:\/\/scoalavulcanbrasov.info\/wp-content\/uploads\/2023\/11\/MISIUNEA-SI-VIZIUNEA-ORGANIZATIEI-SCOLARE-page-001-2048x1448.jpg 2048w\" sizes=\"auto, (max-width: 1024px) 100vw, 1024px\" \/><\/a><\/p>\n<p><img loading=\"lazy\" decoding=\"async\" class=\"aligncenter wp-image-113 size-full\" src=\"https:\/\/scoalavulcanbrasov.info\/wp-content\/uploads\/2014\/01\/linie.png\" alt=\"linie\" width=\"296\" height=\"75\" srcset=\"https:\/\/scoalavulcanbrasov.info\/wp-content\/uploads\/2014\/01\/linie.png 296w, https:\/\/scoalavulcanbrasov.info\/wp-content\/uploads\/2014\/01\/linie-250x63.png 250w\" sizes=\"auto, (max-width: 296px) 100vw, 296px\" \/><\/p>\n","protected":false},"excerpt":{"rendered":"<p>\u00cemi aduc aminte cu mult\u0103 nostalgie de una dintre cele mai frumoase toamne din via\u0163a mea de p\u00e2n\u0103 acum: cea care mi-a oferit bucuria de a p\u0103\u015fi pentru prima dat\u0103 [&hellip;]<\/p>\n","protected":false},"author":1,"featured_media":0,"parent":0,"menu_order":1,"comment_status":"open","ping_status":"closed","template":"","meta":{"footnotes":""},"class_list":["post-13","page","type-page","status-publish","hentry","has_thumb"],"_links":{"self":[{"href":"https:\/\/scoalavulcanbrasov.info\/index.php?rest_route=\/wp\/v2\/pages\/13","targetHints":{"allow":["GET"]}}],"collection":[{"href":"https:\/\/scoalavulcanbrasov.info\/index.php?rest_route=\/wp\/v2\/pages"}],"about":[{"href":"https:\/\/scoalavulcanbrasov.info\/index.php?rest_route=\/wp\/v2\/types\/page"}],"author":[{"embeddable":true,"href":"https:\/\/scoalavulcanbrasov.info\/index.php?rest_route=\/wp\/v2\/users\/1"}],"replies":[{"embeddable":true,"href":"https:\/\/scoalavulcanbrasov.info\/index.php?rest_route=%2Fwp%2Fv2%2Fcomments&post=13"}],"version-history":[{"count":30,"href":"https:\/\/scoalavulcanbrasov.info\/index.php?rest_route=\/wp\/v2\/pages\/13\/revisions"}],"predecessor-version":[{"id":2530,"href":"https:\/\/scoalavulcanbrasov.info\/index.php?rest_route=\/wp\/v2\/pages\/13\/revisions\/2530"}],"wp:attachment":[{"href":"https:\/\/scoalavulcanbrasov.info\/index.php?rest_route=%2Fwp%2Fv2%2Fmedia&parent=13"}],"curies":[{"name":"wp","href":"https:\/\/api.w.org\/{rel}","templated":true}]}}