{"id":1750,"date":"2017-11-13T11:45:25","date_gmt":"2017-11-13T09:45:25","guid":{"rendered":"http:\/\/scoalavulcanbrasov.info\/?page_id=1750"},"modified":"2017-11-13T13:03:50","modified_gmt":"2017-11-13T11:03:50","slug":"protectia-datelor-cu-caracter-personal","status":"publish","type":"page","link":"https:\/\/scoalavulcanbrasov.info\/?page_id=1750","title":{"rendered":"Protectia datelor cu caracter personal"},"content":{"rendered":"<p>&nbsp;<\/p>\n<p style=\"text-align: center;\"><span style=\"color: #0000ff;\"><strong>NOT\u0102 DE INFORMARE PRIVIND PROTEC\u0162IA DATELOR\u00a0<\/strong><strong>PERSONALE<\/strong><\/span><\/p>\n<p>&nbsp;<\/p>\n<p style=\"text-align: justify;\">\u00a0 \u00a0 \u00a0 \u00a0Conform cerin\u0163elor Legii nr. 677\/2001 pentru protec\u0163ia persoanelor cu privire la prelucrarea datelor cu caracter personal \u015fi libera circula\u0163ie a acestor date, modificat\u0103 \u015fi completat\u0103 \u015fi ale Legii nr. 506\/2004 privind prelucrarea datelor cu caracter personal, \u0218COALA GIMNAZIAL\u0102 VULCAN, cu sediul social \u00een com. Vulcan, str. Holbavului 573, C.I.F. 29482196, are obliga\u0163ia de a administra \u00een condi\u0163ii de siguran\u0163\u0103 \u015fi numai pentru scopul specificat, datele personale pe care ni le furniza\u0163i despre dumneavoastr\u0103, un membru al familiei dumneavoastr\u0103 ori o alt\u0103 persoan\u0103. Scopul colect\u0103rii datelor este: resurse umane, gestiune economic\u0103-financiar\u0103 \u015fi administrativ\u0103, educa\u0163ie \u015fi cultur\u0103, monitorizarea-securitatea persoanelor-spa\u0163ilor \u015fi a bunurilor publice sau private, statistic\u0103.<\/p>\n<p style=\"text-align: justify;\">\u00a0 \u00a0 \u00a0Nu sunte\u0163i obligat(\u0103) s\u0103 furniza\u0163i datele dumneavoastr\u0103 personale, acestea urm\u00e2nd s\u0103 fie folosite \u00een scopuri: prest\u0103ri de servicii ale \u0218colii Gimnaziale Vulcan \u015fi unit\u0103\u0163ilor subordonate pentru realizarea obiectului de activitate principal, respectiv educa\u0163ie \u015fi cultur\u0103, analize \u015fi prelucr\u0103ri statistice necesare pentru fundamentarea deciziilor \u00een managementul sistemului educa\u0163ional, asigurarea securit\u0103\u021bii elevilor\/persoanelor \u015fi spa\u0163iilor publice\/private, monitorizarea video \u015fi securitate. Refuzul dumneavoastr\u0103 determin\u0103 neutilizarea datelor \u00een solicit\u0103rile pe care ni le-a\u0163i adresat \u0219i ca atare imposibilitatea prelucr\u0103rii datelor \u00een ac\u021biuni \u0219i solicit\u0103ri ale dumneavoastr\u0103.<\/p>\n<p style=\"text-align: justify;\">\u00a0 \u00a0 \u00a0Informa\u0163iile \u00eenregistrate sunt destinate utiliz\u0103rii lor de c\u0103tre operator \u015fi sunt comunicate numai urm\u0103torilor destinatari: persoana vizat\u0103, reprezentan\u0163ii legali ai persoanei vizate, salaria\u0163ii \u015fi institu\u0163iile ierarhic superioare \u0219colii, respectiv, Inspectoratul \u015ecolar Jude\u021bean Bra\u0219ov, Ministerul Educa\u021biei Na\u021bionale, precum \u0219i administra\u021biei publice locale.<\/p>\n<p style=\"text-align: justify;\">\u00a0 \u00a0 \u00a0 \u00a0\u00cen conformitate cu prevederile Legii nr. 677\/2001 pentru protec\u0163ia persoanelor cu privire la prelucrarea\u00a0 datelor cu \u00a0caracter \u00a0personal \u00a0\u015fi \u00a0libera \u00a0circula\u0163ie \u00a0a \u00a0acestor \u00a0date \u00a0(cu \u00a0modific\u0103rile \u015fi complet\u0103rile ulterioare) \u015fi ale Legii nr. 506\/2004 privind prelucrarea datelor cu caracter personal si protec\u0163ia vie\u0163ii private \u00een sectorul comunica\u0163iilor electronice, ave\u0163i urm\u0103toarele drepturi privind colectarea \u015fi prelucrarea datelor personale: dreptul de interven\u0163ie asupra datelor (art. 14), dreptul de informare (art. 12), de acces la date (art. 13), de opozi\u0163ie (art. 15), de a v\u0103 adresa justi\u0163iei (art. 18).<\/p>\n<p style=\"text-align: justify;\">\u00a0 \u00a0 Pentru exercitarea acestor drepturi, v\u0103 pute\u0163i adresa cu o cerere scris\u0103, datat\u0103 \u015fi semnat\u0103 la \u0218COALA GIMNAZIAL\u0102 VULCAN, cu sediul social \u00een com. Vulcan, str. Holbavului 573, sau la adresa de e-mail <a href=\"mailto:generala_vulcan@yahoo.com\">generala_vulcan@yahoo.com<\/a>.<\/p>\n<p style=\"text-align: justify;\">\u00a0 \u00a0 \u00a0 \u00a0Dac\u0103 unele dintre aceste date despre dumneavoastr\u0103 sunt incorecte, v\u0103 rug\u0103m s\u0103 ne informa\u0163i c\u00e2t mai cur\u00e2nd posibil, prin una din modalit\u0103\u0163ile enumerate mai sus.<\/p>\n","protected":false},"excerpt":{"rendered":"<p>&nbsp; NOT\u0102 DE INFORMARE PRIVIND PROTEC\u0162IA DATELOR\u00a0PERSONALE &nbsp; \u00a0 \u00a0 \u00a0 \u00a0Conform cerin\u0163elor Legii nr. 677\/2001 pentru protec\u0163ia persoanelor cu privire la prelucrarea datelor cu caracter personal \u015fi libera circula\u0163ie [&hellip;]<\/p>\n","protected":false},"author":1,"featured_media":0,"parent":0,"menu_order":0,"comment_status":"closed","ping_status":"closed","template":"","meta":{"footnotes":""},"class_list":["post-1750","page","type-page","status-publish","hentry","has_no_thumb"],"_links":{"self":[{"href":"https:\/\/scoalavulcanbrasov.info\/index.php?rest_route=\/wp\/v2\/pages\/1750","targetHints":{"allow":["GET"]}}],"collection":[{"href":"https:\/\/scoalavulcanbrasov.info\/index.php?rest_route=\/wp\/v2\/pages"}],"about":[{"href":"https:\/\/scoalavulcanbrasov.info\/index.php?rest_route=\/wp\/v2\/types\/page"}],"author":[{"embeddable":true,"href":"https:\/\/scoalavulcanbrasov.info\/index.php?rest_route=\/wp\/v2\/users\/1"}],"replies":[{"embeddable":true,"href":"https:\/\/scoalavulcanbrasov.info\/index.php?rest_route=%2Fwp%2Fv2%2Fcomments&post=1750"}],"version-history":[{"count":4,"href":"https:\/\/scoalavulcanbrasov.info\/index.php?rest_route=\/wp\/v2\/pages\/1750\/revisions"}],"predecessor-version":[{"id":1755,"href":"https:\/\/scoalavulcanbrasov.info\/index.php?rest_route=\/wp\/v2\/pages\/1750\/revisions\/1755"}],"wp:attachment":[{"href":"https:\/\/scoalavulcanbrasov.info\/index.php?rest_route=%2Fwp%2Fv2%2Fmedia&parent=1750"}],"curies":[{"name":"wp","href":"https:\/\/api.w.org\/{rel}","templated":true}]}}