{"id":1805,"date":"2018-02-19T13:48:55","date_gmt":"2018-02-19T11:48:55","guid":{"rendered":"http:\/\/scoalavulcanbrasov.info\/?page_id=1805"},"modified":"2021-02-22T13:16:33","modified_gmt":"2021-02-22T11:16:33","slug":"inscrierea-in-invatamantul-primar-2018-2019","status":"publish","type":"page","link":"https:\/\/scoalavulcanbrasov.info\/?page_id=1805","title":{"rendered":"\u00censcrierea \u00een \u00eenv\u0103\u021b\u0103m\u00e2ntul primar 2021-2022"},"content":{"rendered":"<hr \/>\n<p style=\"text-align: justify;\"><img loading=\"lazy\" decoding=\"async\" class=\"wp-image-3844 size-medium alignleft\" src=\"http:\/\/scoala2codlea.ro\/wp-content\/uploads\/2018\/02\/depositphotos_2432116-Children-Learning-300x171.jpg\" alt=\"\" width=\"300\" height=\"171\" \/><\/p>\n<p style=\"text-align: center;\"><strong>CALENDARUL \u00ceNSCRIERII \u00ceN \u00ceNV\u0102\u021a\u0102M\u00c2NTUL PRIMAR<\/strong><br \/>\npentru anul \u0219colar 2021-2022<\/p>\n<p style=\"text-align: center;\"><span style=\"color: #ff0000;\"><strong>&#8211; PROIECT !!! &#8211;<\/strong><\/span><\/p>\n<p>Da\u021bi click pe foto :<\/p>\n<p><a href=\"https:\/\/www.edu.ro\/sites\/default\/files\/Calendar_%20inscriere%20invatamant%20primar%202021%20-%202022.pdf\"><img loading=\"lazy\" decoding=\"async\" class=\"alignleft size-full wp-image-1992\" src=\"https:\/\/scoalavulcanbrasov.info\/wp-content\/uploads\/2021\/02\/PROIECT.jpg\" alt=\"\" width=\"1011\" height=\"712\" srcset=\"https:\/\/scoalavulcanbrasov.info\/wp-content\/uploads\/2021\/02\/PROIECT.jpg 1011w, https:\/\/scoalavulcanbrasov.info\/wp-content\/uploads\/2021\/02\/PROIECT-300x211.jpg 300w, https:\/\/scoalavulcanbrasov.info\/wp-content\/uploads\/2021\/02\/PROIECT-768x541.jpg 768w\" sizes=\"(max-width: 1011px) 100vw, 1011px\" \/><\/a><\/p>\n","protected":false},"excerpt":{"rendered":"<p>CALENDARUL \u00ceNSCRIERII \u00ceN \u00ceNV\u0102\u021a\u0102M\u00c2NTUL PRIMAR pentru anul \u0219colar 2021-2022 &#8211; PROIECT !!! &#8211; Da\u021bi click pe foto :<\/p>\n","protected":false},"author":1,"featured_media":1799,"parent":0,"menu_order":0,"comment_status":"closed","ping_status":"closed","template":"","meta":{"footnotes":""},"_links":{"self":[{"href":"https:\/\/scoalavulcanbrasov.info\/index.php?rest_route=\/wp\/v2\/pages\/1805"}],"collection":[{"href":"https:\/\/scoalavulcanbrasov.info\/index.php?rest_route=\/wp\/v2\/pages"}],"about":[{"href":"https:\/\/scoalavulcanbrasov.info\/index.php?rest_route=\/wp\/v2\/types\/page"}],"author":[{"embeddable":true,"href":"https:\/\/scoalavulcanbrasov.info\/index.php?rest_route=\/wp\/v2\/users\/1"}],"replies":[{"embeddable":true,"href":"https:\/\/scoalavulcanbrasov.info\/index.php?rest_route=%2Fwp%2Fv2%2Fcomments&post=1805"}],"version-history":[{"count":6,"href":"https:\/\/scoalavulcanbrasov.info\/index.php?rest_route=\/wp\/v2\/pages\/1805\/revisions"}],"predecessor-version":[{"id":1995,"href":"https:\/\/scoalavulcanbrasov.info\/index.php?rest_route=\/wp\/v2\/pages\/1805\/revisions\/1995"}],"wp:featuredmedia":[{"embeddable":true,"href":"https:\/\/scoalavulcanbrasov.info\/index.php?rest_route=\/wp\/v2\/media\/1799"}],"wp:attachment":[{"href":"https:\/\/scoalavulcanbrasov.info\/index.php?rest_route=%2Fwp%2Fv2%2Fmedia&parent=1805"}],"curies":[{"name":"wp","href":"https:\/\/api.w.org\/{rel}","templated":true}]}}