{"id":1832,"date":"2022-04-02T08:33:31","date_gmt":"2022-04-02T06:33:31","guid":{"rendered":"http:\/\/scoalavulcanbrasov.info\/?page_id=1832"},"modified":"2022-05-18T10:39:32","modified_gmt":"2022-05-18T08:39:32","slug":"examen-promovare","status":"publish","type":"page","link":"https:\/\/scoalavulcanbrasov.info\/?page_id=1832","title":{"rendered":"Examen promovare"},"content":{"rendered":"<p style=\"text-align: center;\"><strong>A N U N \u021a<\/strong><\/p>\n<p>&nbsp;<\/p>\n<p style=\"text-align: justify;\"><strong><a href=\"https:\/\/scoalavulcanbrasov.info\/wp-content\/uploads\/2014\/01\/administrativ-150x150.jpg\"><img loading=\"lazy\" decoding=\"async\" class=\"alignleft wp-image-325\" src=\"https:\/\/scoalavulcanbrasov.info\/wp-content\/uploads\/2014\/01\/administrativ-150x150.jpg\" alt=\"\" width=\"196\" height=\"196\" srcset=\"https:\/\/scoalavulcanbrasov.info\/wp-content\/uploads\/2014\/01\/administrativ-150x150.jpg 150w, https:\/\/scoalavulcanbrasov.info\/wp-content\/uploads\/2014\/01\/administrativ-150x150-48x48.jpg 48w\" sizes=\"(max-width: 196px) 100vw, 196px\" \/><\/a><\/strong>\u00cen conformitate cu Hot\u0103r\u00e2rea nr. 286 din 23 martie 2011 pentru aprobarea Regulamentului-cadru privind stabilirea principiilor generale de ocupare a unui post vacant sau temporar vacant corespunz\u0103tor func\u021biilor contractuale \u0219i a criteriilor de promovare \u00een grade sau trepte profesionale imediat superioare a personalului contractual din sectorul bugetar pl\u0103tit din fonduri publice, cu complet\u0103rile \u0219i modific\u0103rile ulterioare \u0219i a Ordinului nr. 5138 din 15 decembrie 2014 pentru aprobarea Regulamentului de organizare \u0219i desf\u0103\u0219urare a examenului de promovare a personalului contractual, \u00een data de 27.05.2022, orele 09.00, la \u0218coala Gimnazial\u0103 Vulcan are loc examenul de promovare \u00een func\u021bia de INFORMATICIAN , gradul IA \u2013 S. Examenul va consta \u00een prob\u0103 scris\u0103 av\u00e2nd urm\u0103toarea tematic\u0103 \u0219i bibliografie :<\/p>\n<p>&nbsp;<\/p>\n<p><strong>TEMATIC\u0102 :<\/strong><\/p>\n<ul>\n<li>Calculatoarele personale \u2013 arhitectur\u0103, componente, caracteristici periferice, diagnosticare defecte, instal\u0103ri, configur\u0103ri sta\u021bii de lucru \u0219i imprimante ;<\/li>\n<li>Sisteme de operare : Windows 7, Windows 10, Windows Server<\/li>\n<li>Re\u021bele de comunica\u021bii, administrarea re\u021belelor, securitatea acestora ;<\/li>\n<li>pagini web<\/li>\n<li>Microsoft Office ;<\/li>\n<\/ul>\n<p>&nbsp;<\/p>\n<p><strong>BIBLIOGRAFIE :<\/strong><\/p>\n<ul>\n<li>Tanenbaum A.S., Organizarea structural\u0103 a re\u021belelor ;<\/li>\n<li>Tanenbaum A.S., Re\u021bele de calculatoare<\/li>\n<li>Dadarlat V.T., Re\u021bele de calculatoare \u2013 de la cablare la interconectare<\/li>\n<li>Documenta\u021bii de pe site-urile: <a href=\"http:\/\/portal.edu.ro\">http:\/\/portal.edu.ro<\/a> , <a href=\"https:\/\/office.microsoft.com\">https:\/\/office.microsoft.com<\/a><\/li>\n<\/ul>\n<p>&nbsp;<\/p>\n<hr \/>\n<p style=\"text-align: center;\"><strong>A N U N \u021a<\/strong><\/p>\n<p style=\"text-align: justify;\"><a href=\"https:\/\/scoalavulcanbrasov.info\/wp-content\/uploads\/2017\/09\/Secret\u00e1ria-no-telefone_cor.jpg\"><img loading=\"lazy\" decoding=\"async\" class=\"alignleft wp-image-1550 \" src=\"https:\/\/scoalavulcanbrasov.info\/wp-content\/uploads\/2017\/09\/Secret\u00e1ria-no-telefone_cor-300x252.jpg\" alt=\"\" width=\"222\" height=\"187\" srcset=\"https:\/\/scoalavulcanbrasov.info\/wp-content\/uploads\/2017\/09\/Secret\u00e1ria-no-telefone_cor-300x252.jpg 300w, https:\/\/scoalavulcanbrasov.info\/wp-content\/uploads\/2017\/09\/Secret\u00e1ria-no-telefone_cor-768x644.jpg 768w, https:\/\/scoalavulcanbrasov.info\/wp-content\/uploads\/2017\/09\/Secret\u00e1ria-no-telefone_cor-1024x859.jpg 1024w, https:\/\/scoalavulcanbrasov.info\/wp-content\/uploads\/2017\/09\/Secret\u00e1ria-no-telefone_cor.jpg 1546w\" sizes=\"(max-width: 222px) 100vw, 222px\" \/><\/a>\u00cen conformitate cu Hot\u0103r\u00e2rea nr. 286 din 23 martie 2011 pentru aprobarea Regulamentului-cadru privind stabilirea principiilor generale de ocupare a unui post vacant sau temporar vacant corespunz\u0103tor func\u0163iilor contractuale \u015fi a criteriilor de promovare \u00een grade sau trepte profesionale imediat superioare a personalului contractual din sectorul bugetar pl\u0103tit din fonduri publice, cu complet\u0103rile \u0219i modific\u0103rile ulterioare \u0219i a Ordinului nr. 5138 din 15 decembrie 2014 pentru aprobarea Regulamentului de organizare \u015fi desf\u0103\u015furare a examenului de promovare a personalului contractual, \u00een data de 16.05.2022, orele 09.00, la \u0218coala Gimnazial\u0103 Vulcan are loc examenul de promovare \u00een func\u021bia de SECRETAR, gradul II. Examenul va consta \u00een prob\u0103 scris\u0103 av\u00e2nd urm\u0103toarea tematic\u0103 \u0219i bibliografie:<\/p>\n<p>&nbsp;<\/p>\n<p><strong>BIBLIOGRAFIE<\/strong><\/p>\n<ol>\n<li>***Biblioteconomie : manual. Bucure\u015fti : ABBPR, 1994<\/li>\n<li>***Ghidul bibliotecarului \u0219colar pentru liceele pedagogice. Bucure\u0219ti : Editura Bibliotecii Na\u021bionale I. C. Petrescu, 2004<\/li>\n<li>Horvat S\u0103luc. Introducere \u00een biblioteconomie. Bucure\u015fti : Grafoart, 1996<\/li>\n<li>Istor Valeria, Micle Maria. Normele ISBD(M) \u015fi ISBD(S) \u00een modele \u015fi exerci\u0163ii. Timi\u0219oara : Editura Universit\u0103\u021bii de Vest, 2002<\/li>\n<li>***Legea bibliotecilor nr. 334\/ 31 mai 2002, actualizat\u0103 \u0219i republicat\u0103<\/li>\n<li>***Metodologia de aplicare a normelor ISBD (M). Bucure\u015fti : ABIR, 1993<\/li>\n<li>***ORDIN nr. 5.556 din 7 octombrie 2011\u2013 REGULAMENT de organizare \u015fi func\u0163ionare a bibliotecilor \u015fcolare \u015fi a centrelor de documentare \u015fi informare<\/li>\n<li>Rudeanu Laura. Manualul bibliotecarului \u015fcolar. Bucure\u0219ti : Atelier didactic, 2003<\/li>\n<li>Trofin Mariana Rodica. Ghid practic pentru bibliotecari. Oradea : Editura Universit\u0103\u021bii, 2017<\/li>\n<\/ol>\n","protected":false},"excerpt":{"rendered":"<p>A N U N \u021a &nbsp; \u00cen conformitate cu Hot\u0103r\u00e2rea nr. 286 din 23 martie 2011 pentru aprobarea Regulamentului-cadru privind stabilirea principiilor generale de ocupare a unui post vacant sau [&hellip;]<\/p>\n","protected":false},"author":1,"featured_media":0,"parent":0,"menu_order":0,"comment_status":"closed","ping_status":"closed","template":"","meta":{"footnotes":""},"_links":{"self":[{"href":"https:\/\/scoalavulcanbrasov.info\/index.php?rest_route=\/wp\/v2\/pages\/1832"}],"collection":[{"href":"https:\/\/scoalavulcanbrasov.info\/index.php?rest_route=\/wp\/v2\/pages"}],"about":[{"href":"https:\/\/scoalavulcanbrasov.info\/index.php?rest_route=\/wp\/v2\/types\/page"}],"author":[{"embeddable":true,"href":"https:\/\/scoalavulcanbrasov.info\/index.php?rest_route=\/wp\/v2\/users\/1"}],"replies":[{"embeddable":true,"href":"https:\/\/scoalavulcanbrasov.info\/index.php?rest_route=%2Fwp%2Fv2%2Fcomments&post=1832"}],"version-history":[{"count":9,"href":"https:\/\/scoalavulcanbrasov.info\/index.php?rest_route=\/wp\/v2\/pages\/1832\/revisions"}],"predecessor-version":[{"id":2283,"href":"https:\/\/scoalavulcanbrasov.info\/index.php?rest_route=\/wp\/v2\/pages\/1832\/revisions\/2283"}],"wp:attachment":[{"href":"https:\/\/scoalavulcanbrasov.info\/index.php?rest_route=%2Fwp%2Fv2%2Fmedia&parent=1832"}],"curies":[{"name":"wp","href":"https:\/\/api.w.org\/{rel}","templated":true}]}}