{"id":1874,"date":"2018-10-05T09:40:13","date_gmt":"2018-10-05T07:40:13","guid":{"rendered":"http:\/\/scoalavulcanbrasov.info\/?page_id=1874"},"modified":"2018-10-05T09:43:34","modified_gmt":"2018-10-05T07:43:34","slug":"concursuri","status":"publish","type":"page","link":"https:\/\/scoalavulcanbrasov.info\/?page_id=1874","title":{"rendered":"Concursuri"},"content":{"rendered":"<p style=\"text-align: center;\">\u00a0<span style=\"font-size: 28px; color: #ff0000;\"><strong>Concurs ocupare posturi<\/strong><\/span><\/p>\n<p style=\"text-align: justify;\"><strong>Av\u00e2nd \u00een vedere :<\/strong><\/p>\n<p style=\"text-align: justify;\">\uf0d8\u00a0 Art.30 din Legea nr.53\/2003, privind Codul Muncii, cu modific\u0103rile \u0219i complet\u0103rile ulterioare.<\/p>\n<p style=\"text-align: justify;\">\uf0d8\u00a0 \u00a0Art.III\u00a0 din\u00a0 Ordonan\u021ba\u00a0 de\u00a0 urgen\u021b\u0103\u00a0 nr.35\/2011\u00a0 pentru\u00a0 stabilirea\u00a0 unor\u00a0 m\u0103suri\u00a0 \u00een\u00a0 domeniul realiz\u0103rii programelor de interes public sau social, al \u00eendeplinirii obliga\u021biilor fiscale \u0219i al func\u021bion\u0103rii optime a institu\u021biilor statului, precum \u0219i pentru aplicarea unitar\u0103 a dispozi\u021biilor legale,<\/p>\n<p style=\"text-align: justify;\">\uf0d8\u00a0 \u00a0Art.91 din Legea Educa\u021biei Na\u021bionale nr.1\/2011,<\/p>\n<p style=\"text-align: justify;\">\uf0d8\u00a0 Regulamentul-cadru privind stabilirea principiilor generale de ocupare a unui post vacant sau temporar vacant corespunz\u0103tor func\u021biilor contractuale \u0219i a criteriilor de promovare \u00een grade sau trepte profesionale imediat superioare a personalului contractual din sectorul bugetar pl\u0103tit din fonduri publice modificat\u0103 prin HOT\u0102R\u00c2REA de Guvern\u00a0 nr. 1.027 din 11 noiembrie 2014 publicat\u0103 \u00een MO nr. 854\/24.11.2014.<\/p>\n<p style=\"text-align: justify;\"><strong>\u0218coala Gimnazial\u0103 Vulcan organizeaz\u0103, la sediul s\u0103u din localitatea Vulcan, str. Holbavului, nr.573, concurs pentru ocuparea postului de :<\/strong><\/p>\n<p style=\"text-align: justify;\"><strong>\u00a0<\/strong><\/p>\n<ul style=\"text-align: justify;\">\n<li><span style=\"color: #ff0000;\"><strong>\u00ceNGRIJITOR <\/strong><strong>&#8211; personal nedidactic<\/strong><strong>, cu norma \u00eentreag\u0103, pe <u>perioada nedeterminat\u0103<\/u>.<\/strong><\/span><\/li>\n<\/ul>\n<p style=\"text-align: justify;\"><strong>\u00a0<\/strong><\/p>\n<p style=\"text-align: justify;\"><strong>Concursul va fi organizat \u00een perioada 01 \u2013 29.10.2018 conform\u00a0<\/strong><strong>calendarului.<\/strong><\/p>\n<p style=\"text-align: justify;\"><strong>\u00a0<\/strong><\/p>\n<p style=\"text-align: justify;\"><span style=\"color: #0000ff;\"><strong>CONDI\u0162II GENERALE PENTRU OCUPAREA POSTULUI<\/strong><\/span><\/p>\n<p style=\"text-align: justify;\">\uf0d8\u00a0 are cet\u0103\u021benia rom\u00e2n\u0103, cet\u0103\u021benie a altor state membre ale Uniunii Europene sau a statelor apar\u021bin\u00e2nd Spa\u021biului Economic European \u0219i domiciliul \u00een Rom\u00e2nia;<\/p>\n<p style=\"text-align: justify;\">\uf0d8\u00a0 cunoa\u0219te limba rom\u00e2n\u0103, scris \u0219i vorbit;<\/p>\n<p style=\"text-align: justify;\">\uf0d8\u00a0 are v\u00e2rsta minim\u0103 reglementat\u0103 de prevederile legale;<\/p>\n<p style=\"text-align: justify;\">\uf0d8\u00a0 are capacitate deplin\u0103 de exerci\u021biu;<\/p>\n<p style=\"text-align: justify;\">\uf0d8\u00a0 are o stare de s\u0103n\u0103tate corespunz\u0103toare postului pentru care candideaz\u0103, atestat\u0103 pe baza adeverin\u021bei medicale eliberate de medicul de familie sau de unit\u0103\u021bile sanitare abilitate;<\/p>\n<p style=\"text-align: justify;\">\uf0d8\u00a0 \u00eendepline\u0219te condi\u021biile de studii \u0219i, dup\u0103 caz, de vechime sau alte condi\u021bii specifice potrivit cerin\u021belor postului scos la concurs;<\/p>\n<p style=\"text-align: justify;\">\uf0d8\u00a0 nu a fost condamnat\u0103 definitiv pentru s\u0103v\u00e2r\u0219irea unei infrac\u021biuni contra umanit\u0103\u021bii, contra statului ori contra autorit\u0103\u021bii, de serviciu sau \u00een leg\u0103tur\u0103 cu serviciul, care \u00eempiedic\u0103 \u00eenf\u0103ptuirea justi\u021biei, de fals ori a unor fapte de corup\u021bie sau a unei infrac\u021biuni s\u0103v\u00e2r\u0219ite cu inten\u021bie, care ar face-o incompatibil\u0103 cu exercitarea func\u021biei, cu excep\u021bia situa\u021biei \u00een care a intervenit reabilitarea.<\/p>\n<p style=\"text-align: justify;\"><span style=\"color: #0000ff;\"><strong>CONDI\u0162II SPECIFICE PENTRU OCUPAREA POSTULUI:<\/strong><\/span><\/p>\n<p style=\"text-align: justify;\">\uf0d8\u00a0 studii : <strong>generale<\/strong><\/p>\n<p style=\"text-align: justify;\">\uf0d8\u00a0 vechime \u00een munc\u0103 : <strong>nu este necesar<\/strong><\/p>\n<p style=\"text-align: justify;\"><span style=\"color: #0000ff;\"><strong>CONCURSUL VA CONSTA IN URMATOARELE\u00a0 ETAPE:<\/strong><\/span><\/p>\n<p style=\"text-align: justify;\">\uf0a7\u00a0 \u00a0\u00a0\u00a01. <strong>selec\u021bia dosarelor<\/strong><\/p>\n<p style=\"text-align: justify;\">\uf0a7 \u00a0\u00a0\u00a0\u00a02. <strong>prob\u0103 practic\u0103<\/strong> \u00a0\u2013 maxim <strong>100 de puncte<\/strong><\/p>\n<p style=\"text-align: justify;\">\uf0a7\u00a0 \u00a0\u00a0\u00a03. <strong>interviu<\/strong> \u2013 maxim <strong>100 de puncte<\/strong><\/p>\n<p style=\"text-align: justify;\">Candida\u021bii care nu ob\u021bin minim <strong>50 de puncte <\/strong>la fiecare prob\u0103 anterioar\u0103 <strong><u>nu pot participa la proba urm\u0103toare<\/u><\/strong>. Punctajul final\u00a0 se\u00a0 calculeaz\u0103\u00a0 ca medie\u00a0 aritmetic\u0103 a\u00a0 punctajelor\u00a0 ob\u021binute\u00a0 la\u00a0 fiecare prob\u0103. Se consider\u0103 admi\u0219i candida\u021bii care au ob\u021binut cel mai mare punctaj, \u00een ordine descresc\u0103toare.<\/p>\n<p style=\"text-align: justify;\"><span style=\"color: #0000ff;\"><strong>DOSARUL DE CONCURS VA CON\u0162INE URM\u0102TOARELE DOCUMENTE:<\/strong><\/span><\/p>\n<p style=\"text-align: justify;\">Pentru \u00eenscrierea la concurs candida\u021bii vor prezenta un <strong><u>dosar de concurs<\/u><\/strong> care va con\u021bine urm\u0103toarele documente:<\/p>\n<p style=\"text-align: justify;\">a) cerere de \u00eenscriere la concurs adresat\u0103 directorului ;<\/p>\n<p style=\"text-align: justify;\">b) copia actului de identitate sau orice alt document care atest\u0103 identitatea, potrivit legii, dup\u0103 caz;<\/p>\n<p style=\"text-align: justify;\"><em>c) copiile documentelor care s\u0103 ateste nivelul studiilor \u0219i ale altor acte care atest\u0103 efectuarea unor specializ\u0103ri, precum \u0219i copiile documentelor care atest\u0103 \u00eendeplinirea condi\u021biilor specifice ale postului solicitate de autoritatea sau institu\u021bia public\u0103;<\/em><\/p>\n<p style=\"text-align: justify;\"><em>d) carnetul de munc\u0103 sau, dup\u0103 caz, adeverin\u021bele care atest\u0103 vechimea \u00een munc\u0103, \u00een meserie \u0219i\/sau \u00een specialitatea studiilor, \u00een copie;<\/em><\/p>\n<p style=\"text-align: justify;\">e) cazierul judiciar sau o declara\u021bie pe propria r\u0103spundere c\u0103 nu are antecedente penale care s\u0103-l fac\u0103 incompatibil cu func\u021bia pentru care candideaz\u0103;<\/p>\n<p style=\"text-align: justify;\">f) adeverin\u021b\u0103 medical\u0103 care s\u0103 ateste starea de s\u0103n\u0103tate corespunz\u0103toare eliberat\u0103 cu cel mult 6 luni anterior derul\u0103rii concursului de c\u0103tre medicul de familie al candidatului sau de c\u0103tre unit\u0103\u021bile sanitare abilitate;<\/p>\n<p style=\"text-align: justify;\">g) curriculum vitae.<\/p>\n<p style=\"text-align: justify;\">\u00a0\u00a0\u00a0\u00a0\u00a0\u00a0\u00a0\u00a0\u00a0\u00a0\u00a0 <strong><em>Actele prev\u0103zute la lit. b), c) vor fi prezentate \u00een original \u00een vederea verific\u0103rii conformit\u0103\u021bii copiilor cu acestea.<\/em><\/strong><\/p>\n<p>&nbsp;<\/p>\n<p style=\"text-align: justify;\"><span style=\"color: #0000ff;\"><strong>CALENDARUL CONCURSULUI:<\/strong><\/span><\/p>\n<p style=\"text-align: justify;\"><strong>\u00a0<\/strong><\/p>\n<ol style=\"text-align: justify;\">\n<li>depunerea dosarelor : <strong>la secretariatul \u0219colii<\/strong>, \u00een perioada <strong>02-16.10.2018, \u00een zilele lucr\u0103toare<\/strong>, \u00een intervalul orar <strong>10.00 \u2013 14.00<\/strong>;<\/li>\n<li>selec\u021bia dosarelor depuse : <strong>17.10.2018<\/strong><\/li>\n<li>afi\u0219area rezultatelor \u00een urma selec\u021biei dosarelor depuse : <strong>17.10.2018, ora 14:00<\/strong><\/li>\n<li>depunerea contesta\u021biilor \u00een urma selec\u021biei dosarelor depuse : <strong>18.10.2018, <\/strong>\u00een intervalul orar <strong>10.00 \u2013 14.00<\/strong>;<\/li>\n<li>solu\u021bionarea \u0219i afi\u0219area rezultatelor \u00een urma contesta\u021biilor depuse : <strong>19.10.2018, ora 1<\/strong><strong>4.00<\/strong><\/li>\n<\/ol>\n<ol style=\"text-align: justify;\" start=\"6\">\n<li><u>sus\u021binerea probei practice <\/u>: <strong>22.10.2018, <\/strong>orele <strong>10.00-12.00;<\/strong><\/li>\n<li>afi\u0219area rezultatelor la proba practic\u0103 : <strong>22.10.2018, <\/strong>ora <strong>16.00;<\/strong><\/li>\n<li>depunerea contesta\u021biilor \u00een urma sus\u021binerii probei practice: <strong>23.10.2018<\/strong>, \u00een intervalul orar <strong>10:00 &#8211; 14:00<\/strong>;<\/li>\n<li>solu\u021bionarea \u0219i afi\u0219area rezultatelor contesta\u021biilor \u00een urma sus\u021binerii probei practice:\u00a0<strong>24.10.2018, <\/strong>ora <strong>16:00<\/strong><\/li>\n<\/ol>\n<ol style=\"text-align: justify;\" start=\"10\">\n<li><u>sus\u021binerea interviului<\/u>: <strong>25.10.2018,<\/strong> \u00eencep\u00e2nd cu ora <strong>10:00<\/strong><\/li>\n<li>afi\u0219area rezultatelor \u00een urma sus\u021binerii interviului: <strong>25.10.2018, <\/strong>ora <strong>16.00;<\/strong><\/li>\n<li>depunerea contesta\u021biilor \u00een urma sus\u021binerea interviului: <strong>26.10.2018<\/strong>, \u00een intervalul orar <strong>10.00 \u2013 14.00<\/strong>;<\/li>\n<li>solu\u021bionarea \u0219i afi\u0219area rezultatelor \u00een urma contesta\u021biilor la interviu: <strong>29.10.2018, <\/strong>ora<strong>\u00a012.00<\/strong><\/li>\n<\/ol>\n<ol style=\"text-align: justify;\" start=\"14\">\n<li>afi\u0219area rezultatelor finale: <strong>29.10.2018, <\/strong>ora <strong>13.00<\/strong><\/li>\n<\/ol>\n<p style=\"text-align: justify;\"><strong>\u00a0<\/strong><\/p>\n<p style=\"text-align: justify;\">\u00a0\u00a0\u00a0\u00a0\u00a0\u00a0\u00a0\u00a0\u00a0\u00a0\u00a0 <strong>Not\u0103<\/strong> : candida\u021bii nemul\u021bumi\u021bi de rezultatul unei probe pot contesta rezultatul <strong><u>doar rezultatul propriu<\/u> !<\/strong><\/p>\n<p style=\"text-align: justify;\"><strong>Rela\u021bii suplimentare:<\/strong><\/p>\n<p style=\"text-align: justify;\">\uf0d8 la compartimentul secretariat, telefon 0268. 256357<\/p>\n<p style=\"text-align: justify;\"><strong>Director,<\/strong><\/p>\n<p style=\"text-align: justify;\">Prof. Marius Adrian DODA<\/p>\n","protected":false},"excerpt":{"rendered":"<p>\u00a0Concurs ocupare posturi Av\u00e2nd \u00een vedere : \uf0d8\u00a0 Art.30 din Legea nr.53\/2003, privind Codul Muncii, cu modific\u0103rile \u0219i complet\u0103rile ulterioare. \uf0d8\u00a0 \u00a0Art.III\u00a0 din\u00a0 Ordonan\u021ba\u00a0 de\u00a0 urgen\u021b\u0103\u00a0 nr.35\/2011\u00a0 pentru\u00a0 stabilirea\u00a0 unor\u00a0 [&hellip;]<\/p>\n","protected":false},"author":1,"featured_media":1877,"parent":0,"menu_order":0,"comment_status":"closed","ping_status":"closed","template":"","meta":{"footnotes":""},"class_list":["post-1874","page","type-page","status-publish","has-post-thumbnail","hentry","has_thumb"],"_links":{"self":[{"href":"https:\/\/scoalavulcanbrasov.info\/index.php?rest_route=\/wp\/v2\/pages\/1874","targetHints":{"allow":["GET"]}}],"collection":[{"href":"https:\/\/scoalavulcanbrasov.info\/index.php?rest_route=\/wp\/v2\/pages"}],"about":[{"href":"https:\/\/scoalavulcanbrasov.info\/index.php?rest_route=\/wp\/v2\/types\/page"}],"author":[{"embeddable":true,"href":"https:\/\/scoalavulcanbrasov.info\/index.php?rest_route=\/wp\/v2\/users\/1"}],"replies":[{"embeddable":true,"href":"https:\/\/scoalavulcanbrasov.info\/index.php?rest_route=%2Fwp%2Fv2%2Fcomments&post=1874"}],"version-history":[{"count":2,"href":"https:\/\/scoalavulcanbrasov.info\/index.php?rest_route=\/wp\/v2\/pages\/1874\/revisions"}],"predecessor-version":[{"id":1878,"href":"https:\/\/scoalavulcanbrasov.info\/index.php?rest_route=\/wp\/v2\/pages\/1874\/revisions\/1878"}],"wp:featuredmedia":[{"embeddable":true,"href":"https:\/\/scoalavulcanbrasov.info\/index.php?rest_route=\/wp\/v2\/media\/1877"}],"wp:attachment":[{"href":"https:\/\/scoalavulcanbrasov.info\/index.php?rest_route=%2Fwp%2Fv2%2Fmedia&parent=1874"}],"curies":[{"name":"wp","href":"https:\/\/api.w.org\/{rel}","templated":true}]}}