{"id":2153,"date":"2022-01-10T14:28:49","date_gmt":"2022-01-10T12:28:49","guid":{"rendered":"http:\/\/scoalavulcanbrasov.info\/?page_id=2153"},"modified":"2024-04-03T08:17:13","modified_gmt":"2024-04-03T06:17:13","slug":"erasmus","status":"publish","type":"page","link":"https:\/\/scoalavulcanbrasov.info\/?page_id=2153","title":{"rendered":"ERASMUS +"},"content":{"rendered":"<div style=\"position: relative; width: 100%; height: 0; padding-top: 159.5745%; padding-bottom: 0; box-shadow: 0 2px 8px 0 rgba(63,69,81,0.16); margin-top: 1.6em; margin-bottom: 0.9em; overflow: hidden; border-radius: 8px; will-change: transform;\"><iframe style=\"position: absolute; width: 100%; height: 100%; top: 0; left: 0; border: none; padding: 0; margin: 0;\" src=\"https:\/\/www.canva.com\/design\/DAFs1jdKlRQ\/qsweRB2IqznLwYG_3dl5Dw\/watch?embed\" allowfullscreen=\"allowfullscreen\"><br \/>\n<\/iframe><\/div>\n<p><a href=\"https:\/\/www.canva.com\/design\/DAFs1jdKlRQ\/qsweRB2IqznLwYG_3dl5Dw\/watch?utm_content=DAFs1jdKlRQ&amp;utm_campaign=designshare&amp;utm_medium=embeds&amp;utm_source=link\" target=\"_blank\" rel=\"noopener\">Carte simpozion an II ERASMUS<\/a><\/p>\n<p>&nbsp;<\/p>\n<p>&nbsp;<\/p>\n<p>&nbsp;<\/p>\n<hr \/>\n<a href=\"https:\/\/scoalavulcanbrasov.info\/wp-content\/uploads\/2022\/07\/Rezultatele-finale-ale-concursului-de-selectie-a-cadrelor-didactice-mobilitati-Spania-Italia-1.pdf\" class=\"pdfemb-viewer\" style=\"\" data-width=\"max\" data-height=\"max\" data-toolbar=\"both\" data-toolbar-fixed=\"on\">Rezultatele finale ale concursului de selectie a cadrelor didactice (mobilitati Spania, Italia) (1)<\/a>\n<hr \/>\n<p>Rezultate selec\u021bie cadre didactice &#8211; mobilit\u0103\u021bi Spania \u0219i Italia<\/p>\n<a href=\"https:\/\/scoalavulcanbrasov.info\/wp-content\/uploads\/2022\/06\/proces-verbal-selectie-cursuri-Italia.Spania.pdf\" class=\"pdfemb-viewer\" style=\"\" data-width=\"max\" data-height=\"max\" data-toolbar=\"both\" data-toolbar-fixed=\"on\">proces verbal selectie cursuri Italia.Spania<\/a>\n<p>&nbsp;<\/p>\n<hr \/>\n<a href=\"https:\/\/scoalavulcanbrasov.info\/wp-content\/uploads\/2022\/06\/Documente-mobilitati-Erasmus-Spania-Italia.pdf\" class=\"pdfemb-viewer\" style=\"\" data-width=\"max\" data-height=\"max\" data-toolbar=\"both\" data-toolbar-fixed=\"on\">Documente mobilitati Erasmus - Spania, Italia<\/a>\n<hr \/>\n<a href=\"https:\/\/scoalavulcanbrasov.info\/wp-content\/uploads\/2022\/06\/ANUNT-DE-SELECTIE-CADRE-PARTICIPANTE-SPANIA-ITALIA.pdf\" class=\"pdfemb-viewer\" style=\"\" data-width=\"max\" data-height=\"max\" data-toolbar=\"both\" data-toolbar-fixed=\"on\">ANUN\u021a DE SELEC\u021aIE CADRE PARTICIPANTE - SPANIA, ITALIA<\/a>\n<hr \/>\n<a href=\"https:\/\/scoalavulcanbrasov.info\/wp-content\/uploads\/2022\/04\/CamScanner-04-11-2022-22.24.pdf\" class=\"pdfemb-viewer\" style=\"\" data-width=\"max\" data-height=\"max\" data-toolbar=\"both\" data-toolbar-fixed=\"on\">CamScanner 04-11-2022 22.24<\/a>\n<hr \/>\n<a href=\"https:\/\/scoalavulcanbrasov.info\/wp-content\/uploads\/2022\/04\/CamScanner-04-11-2022-22.23.pdf\" class=\"pdfemb-viewer\" style=\"\" data-width=\"max\" data-height=\"max\" data-toolbar=\"both\" data-toolbar-fixed=\"on\">CamScanner 04-11-2022 22.23<\/a>\n<hr \/>\n<p>Rezultate selectie dosare cadre didactice in vederea participarii la activitatea de mobilitate din cadrul proiectului Erasmus+ : activitatea de job shadowing (Turcia) si cursul &#8220;Time to act &#8211; Non formal education throigh in&amp;outdoor methods to empower students active participation (Portugalia)<\/p>\n<a href=\"https:\/\/scoalavulcanbrasov.info\/wp-content\/uploads\/2022\/04\/CamScanner-04-05-2022-13.00.pdf\" class=\"pdfemb-viewer\" style=\"\" data-width=\"max\" data-height=\"max\" data-toolbar=\"both\" data-toolbar-fixed=\"on\">CamScanner 04-05-2022 13.00<\/a>\n<hr \/>\n<p>Documente inscriere Erasmus+<\/p>\n<p>[wpdm_package id=&#8217;2240&#8242;]<\/p>\n<hr \/>\n<p><a href=\"https:\/\/scoalavulcanbrasov.info\/wp-content\/uploads\/2022\/03\/ANUNT-selectie-cadre-didactice-Portugalia.pdf\" class=\"pdfemb-viewer\" style=\"\" data-width=\"max\" data-height=\"max\" data-toolbar=\"both\" data-toolbar-fixed=\"on\">ANUN\u021a selectie cadre didactice Portugalia<\/a> <a href=\"https:\/\/scoalavulcanbrasov.info\/wp-content\/uploads\/2022\/03\/ANUNT-selectie-cadre-didactice-Turcia.pdf\" class=\"pdfemb-viewer\" style=\"\" data-width=\"max\" data-height=\"max\" data-toolbar=\"both\" data-toolbar-fixed=\"on\">ANUN\u021a selectie cadre didactice Turcia<\/a> <a href=\"https:\/\/scoalavulcanbrasov.info\/wp-content\/uploads\/2022\/03\/MX-M266N_20220316_123735.pdf\" class=\"pdfemb-viewer\" style=\"\" data-width=\"max\" data-height=\"max\" data-toolbar=\"both\" data-toolbar-fixed=\"on\">MX-M266N_20220316_123735<\/a> <a href=\"https:\/\/scoalavulcanbrasov.info\/wp-content\/uploads\/2022\/03\/MX-M266N_20220316_123805.pdf\" class=\"pdfemb-viewer\" style=\"\" data-width=\"max\" data-height=\"max\" data-toolbar=\"both\" data-toolbar-fixed=\"on\">MX-M266N_20220316_123805<\/a><\/p>\n<p>&nbsp;<\/p>\n<hr \/>\n<p>\u0218coala Gimnazial\u0103 Vulcan lanseaz\u0103 apelul pentru \u00eenscrierea elevilor la activitatea de mobilitate pentru elevi, parte a activit\u0103\u021bilor cuprinse \u00een proiectul Erasmus+ pentru care s-a ob\u021binut finan\u021bare. Aceast\u0103 mobilitate se va desf\u0103\u0219ura \u00een perioada 11-15 aprilie 2022, \u00een Germania, Leipzig, cu un num\u0103r de 9 elevi participan\u021bi.<\/p>\n<p><strong>IMPORTANT:<\/strong><br \/>\n<strong>Prezentul anun\u021b vizeaz\u0103 doar elevii claselor a VIII-a de la \u0218coala Gimnazial\u0103 Vulcan.<\/strong><\/p>\n<p>\u00cen vederea \u00eenscrierii, elevii doritori vor preda dnei profesor Pu\u0219cariu Diana, \u00een perioada 17-21 ianuarie 2022, dosarul de candidatur\u0103 care va con\u021bine:<br \/>\n1. Cerere de \u00eenscriere adresat\u0103 Comisiei de selec\u021bie<br \/>\n2. Copii xerox dup\u0103 c\u0103r\u0163ile de identitate ale p\u0103rin\u0163ilor\/tutorelui legal;<br \/>\n3. Copie dup\u0103 certificatul de na\u015ftere (elevi);<br \/>\n4. Formular de pre\u00eenregistrare \u00een limba englez\u0103;<br \/>\n5. Declara\u0163ie prelucrare date personale<br \/>\n6. Acordul p\u0103rin\u0163ilor\/tutorelui legal de participare a elevului la proiect<br \/>\n7. Declara\u0163ie de conformitate<br \/>\n8. Recomandare din partea dirigintelui clasei care va con\u021bine: situa\u021bia la \u00eenv\u0103\u021b\u0103tur\u0103 \u015fi disciplin\u0103, motive ce \u00eel recomand\u0103 pentru participarea la mobilitate.<\/p>\n<p>&nbsp;<\/p>\n<p>&nbsp;<\/p>\n<p>&nbsp;<\/p>\n","protected":false},"excerpt":{"rendered":"<p>Carte simpozion an II ERASMUS &nbsp; &nbsp; &nbsp; Rezultate selec\u021bie cadre didactice &#8211; mobilit\u0103\u021bi Spania \u0219i Italia &nbsp; Rezultate selectie dosare cadre didactice in vederea participarii la activitatea de mobilitate [&hellip;]<\/p>\n","protected":false},"author":1,"featured_media":2155,"parent":0,"menu_order":0,"comment_status":"closed","ping_status":"closed","template":"","meta":{"footnotes":""},"class_list":["post-2153","page","type-page","status-publish","has-post-thumbnail","hentry","has_thumb"],"_links":{"self":[{"href":"https:\/\/scoalavulcanbrasov.info\/index.php?rest_route=\/wp\/v2\/pages\/2153","targetHints":{"allow":["GET"]}}],"collection":[{"href":"https:\/\/scoalavulcanbrasov.info\/index.php?rest_route=\/wp\/v2\/pages"}],"about":[{"href":"https:\/\/scoalavulcanbrasov.info\/index.php?rest_route=\/wp\/v2\/types\/page"}],"author":[{"embeddable":true,"href":"https:\/\/scoalavulcanbrasov.info\/index.php?rest_route=\/wp\/v2\/users\/1"}],"replies":[{"embeddable":true,"href":"https:\/\/scoalavulcanbrasov.info\/index.php?rest_route=%2Fwp%2Fv2%2Fcomments&post=2153"}],"version-history":[{"count":32,"href":"https:\/\/scoalavulcanbrasov.info\/index.php?rest_route=\/wp\/v2\/pages\/2153\/revisions"}],"predecessor-version":[{"id":2573,"href":"https:\/\/scoalavulcanbrasov.info\/index.php?rest_route=\/wp\/v2\/pages\/2153\/revisions\/2573"}],"wp:featuredmedia":[{"embeddable":true,"href":"https:\/\/scoalavulcanbrasov.info\/index.php?rest_route=\/wp\/v2\/media\/2155"}],"wp:attachment":[{"href":"https:\/\/scoalavulcanbrasov.info\/index.php?rest_route=%2Fwp%2Fv2%2Fmedia&parent=2153"}],"curies":[{"name":"wp","href":"https:\/\/api.w.org\/{rel}","templated":true}]}}