{"id":2255,"date":"2022-10-17T17:59:45","date_gmt":"2022-10-17T15:59:45","guid":{"rendered":"http:\/\/scoalavulcanbrasov.info\/?page_id=2255"},"modified":"2022-11-15T10:21:15","modified_gmt":"2022-11-15T08:21:15","slug":"concurs-angajare","status":"publish","type":"page","link":"https:\/\/scoalavulcanbrasov.info\/?page_id=2255","title":{"rendered":"Concurs angajare"},"content":{"rendered":"<p>&nbsp;<\/p>\n<p><a href=\"https:\/\/scoalavulcanbrasov.info\/wp-content\/uploads\/2022\/04\/pngwing.com-14.png\"><img loading=\"lazy\" decoding=\"async\" class=\"alignleft wp-image-2259\" src=\"https:\/\/scoalavulcanbrasov.info\/wp-content\/uploads\/2022\/04\/pngwing.com-14.png\" alt=\"\" width=\"167\" height=\"258\" srcset=\"https:\/\/scoalavulcanbrasov.info\/wp-content\/uploads\/2022\/04\/pngwing.com-14.png 535w, https:\/\/scoalavulcanbrasov.info\/wp-content\/uploads\/2022\/04\/pngwing.com-14-194x300.png 194w\" sizes=\"auto, (max-width: 167px) 100vw, 167px\" \/><\/a><\/p>\n<p style=\"text-align: center;\"><span style=\"font-size: 28px; color: #ff0000;\"><strong>ANUN\u021a PUBLIC !<\/strong><\/span><\/p>\n<p style=\"text-align: center;\"><span style=\"font-size: 20px; color: #003366;\"><strong>Concurs ocupare post \u00ceNGRIJITOR<\/strong><\/span><\/p>\n<p>\u0218coala Gimnazial\u0103 Vulcan organizeaz\u0103, la sediul s\u0103u din localitatea Vulcan, strada Holbavului n.573, concurs pentru ocuparea unui post vacant de <strong>\u00ceNGRIJITOR<\/strong> (minim studii generale) &#8211; personal nedidactic,\u00a0 1\/2 norm\u0103 Gr\u0103dini\u021ba cu Program Normal Vulcan, pe perioada nedeterminat\u0103.<\/p>\n<p>Concursul va fi organizat \u00een perioada <strong>17.10 &#8211; 15.11.2022<\/strong> conform calendarului.<\/p>\n<a href=\"https:\/\/scoalavulcanbrasov.info\/wp-content\/uploads\/2022\/10\/SKMBT_C35322101715110-1.pdf\" class=\"pdfemb-viewer\" style=\"\" data-width=\"max\" data-height=\"max\" data-toolbar=\"both\" data-toolbar-fixed=\"on\">SKMBT_C35322101715110 (1)<\/a>\n<p>&nbsp;<\/p>\n<hr \/>\n<p>&nbsp;<\/p>\n<a href=\"https:\/\/scoalavulcanbrasov.info\/wp-content\/uploads\/2022\/11\/SKMBT_C35322110115050.pdf\" class=\"pdfemb-viewer\" style=\"\" data-width=\"max\" data-height=\"max\" data-toolbar=\"both\" data-toolbar-fixed=\"on\">SKMBT_C35322110115050<\/a>\n<p>&nbsp;<\/p>\n<hr \/>\n<p><strong>Rezultatele la proba scris\u0103:<\/strong><\/p>\n<a href=\"https:\/\/scoalavulcanbrasov.info\/wp-content\/uploads\/2022\/11\/SKMBT_C35322110814520.pdf\" class=\"pdfemb-viewer\" style=\"\" data-width=\"max\" data-height=\"max\" data-toolbar=\"both\" data-toolbar-fixed=\"on\">SKMBT_C35322110814520<\/a>\n<p>&nbsp;<\/p>\n<hr \/>\n<p><strong>Rezultate proba practic\u0103<\/strong><\/p>\n<a href=\"https:\/\/scoalavulcanbrasov.info\/wp-content\/uploads\/2022\/11\/SKMBT_C35322111112050.pdf\" class=\"pdfemb-viewer\" style=\"\" data-width=\"max\" data-height=\"max\" data-toolbar=\"both\" data-toolbar-fixed=\"on\">SKMBT_C35322111112050<\/a>\n<p>&nbsp;<\/p>\n<hr \/>\n<p><strong>Rezultate interviu:<\/strong><\/p>\n<a href=\"https:\/\/scoalavulcanbrasov.info\/wp-content\/uploads\/2022\/11\/SKMBT_C35322111511190.pdf\" class=\"pdfemb-viewer\" style=\"\" data-width=\"max\" data-height=\"max\" data-toolbar=\"both\" data-toolbar-fixed=\"on\">SKMBT_C35322111511190<\/a>\n","protected":false},"excerpt":{"rendered":"<p>&nbsp; ANUN\u021a PUBLIC ! Concurs ocupare post \u00ceNGRIJITOR \u0218coala Gimnazial\u0103 Vulcan organizeaz\u0103, la sediul s\u0103u din localitatea Vulcan, strada Holbavului n.573, concurs pentru ocuparea unui post vacant de \u00ceNGRIJITOR (minim [&hellip;]<\/p>\n","protected":false},"author":1,"featured_media":2259,"parent":0,"menu_order":0,"comment_status":"closed","ping_status":"closed","template":"","meta":{"footnotes":""},"class_list":["post-2255","page","type-page","status-publish","has-post-thumbnail","hentry","has_thumb"],"_links":{"self":[{"href":"https:\/\/scoalavulcanbrasov.info\/index.php?rest_route=\/wp\/v2\/pages\/2255","targetHints":{"allow":["GET"]}}],"collection":[{"href":"https:\/\/scoalavulcanbrasov.info\/index.php?rest_route=\/wp\/v2\/pages"}],"about":[{"href":"https:\/\/scoalavulcanbrasov.info\/index.php?rest_route=\/wp\/v2\/types\/page"}],"author":[{"embeddable":true,"href":"https:\/\/scoalavulcanbrasov.info\/index.php?rest_route=\/wp\/v2\/users\/1"}],"replies":[{"embeddable":true,"href":"https:\/\/scoalavulcanbrasov.info\/index.php?rest_route=%2Fwp%2Fv2%2Fcomments&post=2255"}],"version-history":[{"count":10,"href":"https:\/\/scoalavulcanbrasov.info\/index.php?rest_route=\/wp\/v2\/pages\/2255\/revisions"}],"predecessor-version":[{"id":2383,"href":"https:\/\/scoalavulcanbrasov.info\/index.php?rest_route=\/wp\/v2\/pages\/2255\/revisions\/2383"}],"wp:featuredmedia":[{"embeddable":true,"href":"https:\/\/scoalavulcanbrasov.info\/index.php?rest_route=\/wp\/v2\/media\/2259"}],"wp:attachment":[{"href":"https:\/\/scoalavulcanbrasov.info\/index.php?rest_route=%2Fwp%2Fv2%2Fmedia&parent=2255"}],"curies":[{"name":"wp","href":"https:\/\/api.w.org\/{rel}","templated":true}]}}