{"id":2389,"date":"2022-11-22T08:14:39","date_gmt":"2022-11-22T06:14:39","guid":{"rendered":"https:\/\/scoalavulcanbrasov.info\/?page_id=2389"},"modified":"2026-04-03T21:05:00","modified_gmt":"2026-04-03T19:05:00","slug":"erasmus-elevi","status":"publish","type":"page","link":"https:\/\/scoalavulcanbrasov.info\/?page_id=2389","title":{"rendered":"Erasmus elevi"},"content":{"rendered":"<p><span style=\"font-size: 20px;\"><strong>ANUN\u021a DE SELEC\u021aIE PARTICIPAN\u021aI LA MOBILITATEA DE GRUP A ELEVILOR<\/strong><\/span><\/p>\n<a href=\"https:\/\/scoalavulcanbrasov.info\/wp-content\/uploads\/2026\/04\/Nr.-1-apel-selectie-elevi-POLONIA.pdf\" class=\"pdfemb-viewer\" style=\"\" data-width=\"max\" data-height=\"max\" data-toolbar=\"both\" data-toolbar-fixed=\"on\">Nr. 1 - apel selectie elevi-POLONIA<\/a>\n<hr \/>\n<p><span style=\"font-size: 20px;\"><strong>PROCEDUR\u0102 SELEC\u0162IE a elevilor participan\u021bi la mobilit\u0103\u021bi \u00een cadrul ROIECTULUI ERASMUS+ \u201eSTEPS TOWARDS THE FUTURE\u201d<\/strong><\/span><\/p>\n<a href=\"https:\/\/scoalavulcanbrasov.info\/wp-content\/uploads\/2026\/04\/Nr.2-procedura-selectie-elevi-POLONIA.pdf\" class=\"pdfemb-viewer\" style=\"\" data-width=\"max\" data-height=\"max\" data-toolbar=\"both\" data-toolbar-fixed=\"on\">Nr.2 -procedura-selectie elevi POLONIA<\/a>\n<hr \/>\n<p><span style=\"font-size: 20px;\"><strong>Proces-verbal Concurs de selec\u021bie dosare elevi \u00een vederea particip\u0103rii la activitatea de mobilitate pentru elevi (SUWA\u0141KI, POLONIA)<\/strong><\/span><\/p>\n<a href=\"https:\/\/scoalavulcanbrasov.info\/wp-content\/uploads\/2026\/04\/Nr.-3-Proces-verbal-selectie-elevi-Polonia.pdf\" class=\"pdfemb-viewer\" style=\"\" data-width=\"max\" data-height=\"max\" data-toolbar=\"both\" data-toolbar-fixed=\"on\">Nr. 3 - Proces verbal selectie elevi Polonia<\/a>\n<hr \/>\n<p><span style=\"font-size: 20px;\"><strong>Programarea elevilor la proba de interviu din data de 02.04.2026<\/strong><\/span><\/p>\n<a href=\"https:\/\/scoalavulcanbrasov.info\/wp-content\/uploads\/2026\/04\/Nr.-4-programare-interviu-.pdf\" class=\"pdfemb-viewer\" style=\"\" data-width=\"max\" data-height=\"max\" data-toolbar=\"both\" data-toolbar-fixed=\"on\">Nr. 4 - programare interviu<\/a>\n<hr \/>\n<p><span style=\"font-size: 20px;\"><strong>TABEL NOMINAL cu rezultatele finale ale concursului de selec\u021bie elevi Mobilitate de grup \u2013 Suwa\u0142ki, Polonia<\/strong><\/span><\/p>\n<a href=\"https:\/\/scoalavulcanbrasov.info\/wp-content\/uploads\/2026\/04\/Nr.-5-Tabel-nominal-rezultate-concurs-selectie-elevi-Polonia.pdf\" class=\"pdfemb-viewer\" style=\"\" data-width=\"max\" data-height=\"max\" data-toolbar=\"both\" data-toolbar-fixed=\"on\">Nr. 5 - Tabel nominal rezultate concurs selectie elevi Polonia<\/a>\n<hr \/>\n<p><strong><span class=\"fontstyle0\">ANUN\u021a DE SELEC\u021aIE PARTICIPAN\u021aI\u00a0<\/span><span class=\"fontstyle0\">LA MOBILITATEA DE GRUP A ELEVILOR<\/span><\/strong><\/p>\n<a href=\"https:\/\/scoalavulcanbrasov.info\/wp-content\/uploads\/2025\/12\/apel-selectie-elevi-GRECIA.pdf\" class=\"pdfemb-viewer\" style=\"\" data-width=\"max\" data-height=\"max\" data-toolbar=\"both\" data-toolbar-fixed=\"on\">apel selectie elevi-GRECIA<\/a>\n<hr \/>\n<p><strong>CERERE PARTICIPARE SELECTIE<\/strong><\/p>\n<p>[wpdm_package id=&#8217;2858&#8242;]<\/p>\n<hr \/>\n<p>&nbsp;<\/p>\n<a href=\"https:\/\/scoalavulcanbrasov.info\/wp-content\/uploads\/2024\/11\/apel-selectie-elevi-CEHIA-Brno.pdf\" class=\"pdfemb-viewer\" style=\"\" data-width=\"max\" data-height=\"max\" data-toolbar=\"both\" data-toolbar-fixed=\"on\">apel selectie elevi-CEHIA, Brno<\/a>\n<hr \/>\n<a href=\"https:\/\/scoalavulcanbrasov.info\/wp-content\/uploads\/2024\/11\/documente-selectie-Brno-Cehia-1.pdf\" class=\"pdfemb-viewer\" style=\"\" data-width=\"max\" data-height=\"max\" data-toolbar=\"both\" data-toolbar-fixed=\"on\">documente selectie Brno, Cehia<\/a>\n<hr \/>\n<a href=\"https:\/\/scoalavulcanbrasov.info\/wp-content\/uploads\/2024\/11\/Procedura-selectie-Brno-Cehia.pdf\" class=\"pdfemb-viewer\" style=\"\" data-width=\"max\" data-height=\"max\" data-toolbar=\"both\" data-toolbar-fixed=\"on\">Procedura selectie -Brno, Cehia<\/a>\n<hr \/>\n<a href=\"https:\/\/scoalavulcanbrasov.info\/wp-content\/uploads\/2023\/12\/apel-selectie-elevi-CEHIA.pdf\" class=\"pdfemb-viewer\" style=\"\" data-width=\"max\" data-height=\"max\" data-toolbar=\"both\" data-toolbar-fixed=\"on\">apel selectie elevi-CEHIA<\/a>\n<p>[wpdm_package id=&#8217;2558&#8242;]<\/p>\n<hr \/>\n<a href=\"https:\/\/scoalavulcanbrasov.info\/wp-content\/uploads\/2023\/12\/procedura-selectie-elevi-CEHIA.pdf\" class=\"pdfemb-viewer\" style=\"\" data-width=\"max\" data-height=\"max\" data-toolbar=\"both\" data-toolbar-fixed=\"on\">procedura-selectie elevi CEHIA<\/a>\n<p>[wpdm_package id=&#8217;2560&#8242;]<\/p>\n<hr \/>\n<p><a href=\"https:\/\/scoalavulcanbrasov.info\/wp-content\/uploads\/2023\/03\/Rezultate-elevi.png\"><img loading=\"lazy\" decoding=\"async\" class=\"size-full wp-image-2474 alignleft\" src=\"https:\/\/scoalavulcanbrasov.info\/wp-content\/uploads\/2023\/03\/Rezultate-elevi.png\" alt=\"\" width=\"469\" height=\"674\" srcset=\"https:\/\/scoalavulcanbrasov.info\/wp-content\/uploads\/2023\/03\/Rezultate-elevi.png 469w, https:\/\/scoalavulcanbrasov.info\/wp-content\/uploads\/2023\/03\/Rezultate-elevi-209x300.png 209w\" sizes=\"auto, (max-width: 469px) 100vw, 469px\" \/><\/a><\/p>\n<p>&nbsp;<\/p>\n<p>&nbsp;<\/p>\n<p>&nbsp;<\/p>\n<p>&nbsp;<\/p>\n<p>&nbsp;<\/p>\n<p>&nbsp;<\/p>\n<p>&nbsp;<\/p>\n<p>&nbsp;<\/p>\n<p>&nbsp;<\/p>\n<hr \/>\n<a href=\"https:\/\/scoalavulcanbrasov.info\/wp-content\/uploads\/2023\/03\/1.-programare-interviu-elevi-Croatia.pdf\" class=\"pdfemb-viewer\" style=\"\" data-width=\"max\" data-height=\"max\" data-toolbar=\"both\" data-toolbar-fixed=\"on\">1. programare interviu elevi Croatia<\/a>\n<hr \/>\n<a href=\"https:\/\/scoalavulcanbrasov.info\/wp-content\/uploads\/2023\/03\/Proces-verbal-selectie-elevi-Croatia.pdf\" class=\"pdfemb-viewer\" style=\"\" data-width=\"max\" data-height=\"max\" data-toolbar=\"both\" data-toolbar-fixed=\"on\">Proces verbal selectie elevi Croatia<\/a>\n<hr \/>\n<a href=\"https:\/\/scoalavulcanbrasov.info\/wp-content\/uploads\/2023\/02\/apel-selectie-elevi-Croatia.pdf\" class=\"pdfemb-viewer\" style=\"\" data-width=\"max\" data-height=\"max\" data-toolbar=\"both\" data-toolbar-fixed=\"on\">apel selectie elevi-Croatia<\/a>\n<hr \/>\n<a href=\"https:\/\/scoalavulcanbrasov.info\/wp-content\/uploads\/2023\/02\/procedura-selectie-elevi_Croatia.pdf\" class=\"pdfemb-viewer\" style=\"\" data-width=\"max\" data-height=\"max\" data-toolbar=\"both\" data-toolbar-fixed=\"on\">procedura selectie elevi_Croatia<\/a>\n<hr \/>\n<p>[wpdm_package id=&#8217;2454&#8242;]<\/p>\n<hr \/>\n<p><a href=\"https:\/\/scoalavulcanbrasov.info\/wp-content\/uploads\/2022\/12\/tinywow_Rezultate-elevi_9852684_1.jpg\"><img loading=\"lazy\" decoding=\"async\" class=\"alignleft wp-image-2436 size-large\" src=\"https:\/\/scoalavulcanbrasov.info\/wp-content\/uploads\/2022\/12\/tinywow_Rezultate-elevi_9852684_1-751x1024.jpg\" alt=\"\" width=\"751\" height=\"1024\" srcset=\"https:\/\/scoalavulcanbrasov.info\/wp-content\/uploads\/2022\/12\/tinywow_Rezultate-elevi_9852684_1-751x1024.jpg 751w, https:\/\/scoalavulcanbrasov.info\/wp-content\/uploads\/2022\/12\/tinywow_Rezultate-elevi_9852684_1-220x300.jpg 220w, https:\/\/scoalavulcanbrasov.info\/wp-content\/uploads\/2022\/12\/tinywow_Rezultate-elevi_9852684_1-768x1047.jpg 768w, https:\/\/scoalavulcanbrasov.info\/wp-content\/uploads\/2022\/12\/tinywow_Rezultate-elevi_9852684_1-1127x1536.jpg 1127w, https:\/\/scoalavulcanbrasov.info\/wp-content\/uploads\/2022\/12\/tinywow_Rezultate-elevi_9852684_1.jpg 1467w\" sizes=\"auto, (max-width: 751px) 100vw, 751px\" \/><\/a><\/p>\n<p>&nbsp;<\/p>\n<p>&nbsp;<\/p>\n<p>&nbsp;<\/p>\n<p>&nbsp;<\/p>\n<p>&nbsp;<\/p>\n<p>&nbsp;<\/p>\n<p>&nbsp;<\/p>\n<p>&nbsp;<\/p>\n<p>&nbsp;<\/p>\n<p>&nbsp;<\/p>\n<p>&nbsp;<\/p>\n<p>&nbsp;<\/p>\n<p>&nbsp;<\/p>\n<p>&nbsp;<\/p>\n<p>&nbsp;<\/p>\n<p>&nbsp;<\/p>\n<p>&nbsp;<\/p>\n<p>&nbsp;<\/p>\n<p>&nbsp;<\/p>\n<p>&nbsp;<\/p>\n<p>&nbsp;<\/p>\n<p>&nbsp;<\/p>\n<p>&nbsp;<\/p>\n<p>&nbsp;<\/p>\n<p>&nbsp;<\/p>\n<p>&nbsp;<\/p>\n<p>&nbsp;<\/p>\n<hr \/>\n<a href=\"https:\/\/scoalavulcanbrasov.info\/wp-content\/uploads\/2022\/12\/Proces-verbal-selectie-elevi.pdf\" class=\"pdfemb-viewer\" style=\"\" data-width=\"max\" data-height=\"max\" data-toolbar=\"both\" data-toolbar-fixed=\"on\">Proces verbal selectie elevi<\/a>\n<hr \/>\n<a href=\"https:\/\/scoalavulcanbrasov.info\/wp-content\/uploads\/2022\/11\/anexe-dosar-selectie-elevi.pdf\" class=\"pdfemb-viewer\" style=\"\" data-width=\"max\" data-height=\"max\" data-toolbar=\"both\" data-toolbar-fixed=\"on\">anexe dosar selectie elevi<\/a>\n<hr \/>\n<a href=\"https:\/\/scoalavulcanbrasov.info\/wp-content\/uploads\/2022\/11\/Procedura-selectie-elevi.pdf\" class=\"pdfemb-viewer\" style=\"\" data-width=\"max\" data-height=\"max\" data-toolbar=\"both\" data-toolbar-fixed=\"on\">Procedura selectie elevi<\/a>\n<hr \/>\n<a href=\"https:\/\/scoalavulcanbrasov.info\/wp-content\/uploads\/2022\/11\/Apel-selectie-elevi-mobilitate-Franta.pdf\" class=\"pdfemb-viewer\" style=\"\" data-width=\"max\" data-height=\"max\" data-toolbar=\"both\" data-toolbar-fixed=\"on\">Apel selectie elevi mobilitate Franta<\/a>\n<hr \/>\n<p>[wpdm_package id=&#8217;2408&#8242;]<\/p>\n","protected":false},"excerpt":{"rendered":"<p>ANUN\u021a DE SELEC\u021aIE PARTICIPAN\u021aI LA MOBILITATEA DE GRUP A ELEVILOR PROCEDUR\u0102 SELEC\u0162IE a elevilor participan\u021bi la mobilit\u0103\u021bi \u00een cadrul ROIECTULUI ERASMUS+ \u201eSTEPS TOWARDS THE FUTURE\u201d Proces-verbal Concurs de selec\u021bie dosare [&hellip;]<\/p>\n","protected":false},"author":1,"featured_media":0,"parent":0,"menu_order":0,"comment_status":"closed","ping_status":"closed","template":"","meta":{"footnotes":""},"class_list":["post-2389","page","type-page","status-publish","hentry","has_thumb"],"_links":{"self":[{"href":"https:\/\/scoalavulcanbrasov.info\/index.php?rest_route=\/wp\/v2\/pages\/2389","targetHints":{"allow":["GET"]}}],"collection":[{"href":"https:\/\/scoalavulcanbrasov.info\/index.php?rest_route=\/wp\/v2\/pages"}],"about":[{"href":"https:\/\/scoalavulcanbrasov.info\/index.php?rest_route=\/wp\/v2\/types\/page"}],"author":[{"embeddable":true,"href":"https:\/\/scoalavulcanbrasov.info\/index.php?rest_route=\/wp\/v2\/users\/1"}],"replies":[{"embeddable":true,"href":"https:\/\/scoalavulcanbrasov.info\/index.php?rest_route=%2Fwp%2Fv2%2Fcomments&post=2389"}],"version-history":[{"count":24,"href":"https:\/\/scoalavulcanbrasov.info\/index.php?rest_route=\/wp\/v2\/pages\/2389\/revisions"}],"predecessor-version":[{"id":2912,"href":"https:\/\/scoalavulcanbrasov.info\/index.php?rest_route=\/wp\/v2\/pages\/2389\/revisions\/2912"}],"wp:attachment":[{"href":"https:\/\/scoalavulcanbrasov.info\/index.php?rest_route=%2Fwp%2Fv2%2Fmedia&parent=2389"}],"curies":[{"name":"wp","href":"https:\/\/api.w.org\/{rel}","templated":true}]}}