{"id":258,"date":"2014-01-29T13:44:42","date_gmt":"2014-01-29T11:44:42","guid":{"rendered":"http:\/\/scoalavulcanbrasov.info\/?page_id=258"},"modified":"2022-10-17T11:25:39","modified_gmt":"2022-10-17T09:25:39","slug":"c-e-a-c","status":"publish","type":"page","link":"https:\/\/scoalavulcanbrasov.info\/?page_id=258","title":{"rendered":"C.E.A.C."},"content":{"rendered":"<p><strong><img loading=\"lazy\" decoding=\"async\" class=\"alignleft wp-image-1533 size-medium\" src=\"https:\/\/scoalavulcanbrasov.info\/wp-content\/uploads\/2014\/01\/bigstock-Multiethnic-Group-of-People-Di-71428567-300x200.jpg\" alt=\"\" width=\"300\" height=\"200\" srcset=\"https:\/\/scoalavulcanbrasov.info\/wp-content\/uploads\/2014\/01\/bigstock-Multiethnic-Group-of-People-Di-71428567-300x200.jpg 300w, https:\/\/scoalavulcanbrasov.info\/wp-content\/uploads\/2014\/01\/bigstock-Multiethnic-Group-of-People-Di-71428567-768x512.jpg 768w, https:\/\/scoalavulcanbrasov.info\/wp-content\/uploads\/2014\/01\/bigstock-Multiethnic-Group-of-People-Di-71428567-480x320.jpg 480w, https:\/\/scoalavulcanbrasov.info\/wp-content\/uploads\/2014\/01\/bigstock-Multiethnic-Group-of-People-Di-71428567.jpg 1000w\" sizes=\"auto, (max-width: 300px) 100vw, 300px\" \/>I.<\/strong><strong>\u00a0\u00a0Ce este sistemul na\u021bional de management si asigurare a calit\u0103\u021bii?<\/strong><\/p>\r\n<p style=\"text-align: justify;\"><strong>\u00a0\u00a0\u00a0\u00a0 <\/strong>Sistemul na\u021bional de management si asigurare a calit\u0103\u021bii reprezint\u0103 totalitatea structurilor institu\u021bionale, normelor, procedurilor si activit\u0103\u021bilor concrete de proiectare, implementare, evaluare si revizuire\/\u00eembun\u0103t\u0103\u021bire a calit\u0103\u021bii la nivelul sistemului de \u00eenv\u0103\u021b\u0103m\u00e2nt, al subsistemelor si al unit\u0103\u021bilor \u0219colare.<\/p>\r\n<p style=\"text-align: justify;\">\u00a0\u00a0\u00a0\u00a0\u00a0 Sistemul na\u021bional de management si de asigurare a calit\u0103\u021bii are ca scop esen\u021bial \u00eembun\u0103t\u0103\u021birea calit\u0103\u021bii educa\u021biei definit\u0103 ca ansamblul de caracteristici ale unui program de studiu si ale furnizorului acestuia, prin care sunt \u00eendeplinite a\u0219tept\u0103rile beneficiarilor, precum si standardele de calitate.<\/p>\r\n<p style=\"text-align: justify;\"><strong>II.<\/strong><strong>\u00a0\u00a0Calitatea educa\u021biei este asigurat\u0103 prin:<\/strong><\/p>\r\n<p style=\"text-align: justify;\">\u00a0<strong>A. Procese interne:<\/strong><\/p>\r\n<p style=\"text-align: justify;\">1. Planificarea si realizarea efectiv\u0103 a rezultatelor a\u0219teptate ale \u00eenv\u0103\u021b\u0103rii;<\/p>\r\n<p style=\"text-align: justify;\">2. Monitorizarea rezultatelor;<\/p>\r\n<p style=\"text-align: justify;\">3. Evaluarea intern\u0103 a rezultatelor (autoevaluarea) si aplicarea m\u0103surilor reglatoare \/ corective \u2013 dac\u0103 este cazul.<\/p>\r\n<p style=\"text-align: justify;\">\u00a0<strong>B. Procese externe:<\/strong><\/p>\r\n<p style=\"text-align: justify;\">1. Evaluarea extern\u0103 a rezultatelor.<\/p>\r\n<p style=\"text-align: justify;\"><strong>III.<\/strong><strong>\u00a0Comisia pentru evaluarea si asigurarea calit\u0103\u021bii (CEAC) din fiecare unitate de \u00eenv\u0103\u021b\u0103m\u00e2nt .<\/strong><\/p>\r\n<p style=\"text-align: justify;\">\u00a0\u00a0\u00a0\u00a0\u00a0\u00a0 Conform art.12 din O.U.G. nr.75\/12.07.2005 privind asigurarea calit\u0103\u021bii educa\u021biei, aprobat\u0103 cu complet\u0103ri si modific\u0103ri prin LEGEA nr. 87\/2006, cu modific\u0103rile ulterioare, comisia are \u00een principal urm\u0103toarele atribu\u021bii :<\/p>\r\n<p style=\"text-align: justify;\">\u00a0a) coordoneaz\u0103 aplicarea procedurilor si activit\u0103\u021bilor de evaluare si asigurare a calit\u0103\u021bii, aprobate de conducerea organiza\u021biei furnizoare de educa\u021bie, conform domeniilor si criteriilor prev\u0103zute de lege;<\/p>\r\n<p style=\"text-align: justify;\">b) elaboreaz\u0103 anual un raport de evaluare intern\u0103 privind calitatea educa\u021biei \u00een organiza\u021bia respectiv\u0103. Raportul este adus la cuno\u0219tin\u021b\u0103 tuturor beneficiarilor prin afi\u0219are sau publicare;<\/p>\r\n<p style=\"text-align: justify;\">c) formuleaz\u0103 propuneri de \u00eembun\u0103t\u0103\u021bire a calit\u0103\u021bii educa\u021biei.<\/p>\r\n<hr \/>\r\n<blockquote><address><em><strong>Baz\u0103 : <\/strong>Ghidul comisiei pentru evaluarea si asigurarea calit\u0103\u021bii \u00een unit\u0103\u021bile de \u00eenv\u0103\u021b\u0103m\u00e2nt preuniversitar \u2013 partea a II-a \u2013 Bucure\u0219ti, iunie 2007<\/em><\/address><\/blockquote>\r\n<address>\u00a0<\/address><address><hr \/><\/address><address>\u00a0<\/address>\r\n<p style=\"text-align: justify;\">\u00a0\u00a0\u00a0\u00a0\u00a0\u00a0\u00a0\u00a0\u00a0\u00a0\u00a0 La nivelul \u0218colii Gimnaziale Vulcan, \u00een anul \u0219colar 2020-2021 comisia CEAC, are urm\u0103toarea componen\u021b\u0103 :<\/p>\r\n<p><span style=\"color: #0000ff;\"><strong><span style=\"text-decoration: underline;\">Coordonator operativ<\/span> :<\/strong><\/span><\/p>\r\n<p>&#8211; prof. Mesaro\u0219iu Simona Amalia<\/p>\r\n<p><span style=\"text-decoration: underline;\"><span style=\"color: #0000ff;\"><strong>Responsabil :<\/strong><\/span><\/span><\/p>\r\n<p>-prof. Scurtu Floricica<\/p>\r\n<p><strong><span style=\"color: #0000ff;\"><span style=\"text-decoration: underline;\">Membri<\/span> :\u00a0<\/span>\u00a0<\/strong><\/p>\r\n<p>&#8211; Sencovici Alina &#8211; profesor<\/p>\r\n<p>&#8211; \u0218incan Miheala &#8211; profesor<\/p>\r\n<p>&#8211; Vlad Liliana Niculina \u2013 reprezentantul Consiliului Local<\/p>\r\n<p>&#8211; Ciociu Lenu\u021ba &#8211; reprezentant al p\u0103rin\u021bilor<\/p>\r\n<p>&#8211; Urduzan Sever- profesor &#8211; liderul sindicatului Spiru Haret<\/p>\r\n<p>&#8211; Orzan Adelina &#8211; lider sindicatului Diaconu Coresi<\/p>\r\n<p>&nbsp;<\/p>\r\n<p>&nbsp;<\/p>\r\n<p style=\"text-align: justify;\"><noscript><a href=\"http:\/\/polldaddy.com\/poll\/7754765\/\">Cum vi se pare site-ul?<\/a><\/noscript><\/p>\r\n","protected":false},"excerpt":{"rendered":"<p>I.\u00a0\u00a0Ce este sistemul na\u021bional de management si asigurare a calit\u0103\u021bii? \u00a0\u00a0\u00a0\u00a0 Sistemul na\u021bional de management si asigurare a calit\u0103\u021bii reprezint\u0103 totalitatea structurilor institu\u021bionale, normelor, procedurilor si activit\u0103\u021bilor concrete de proiectare, [&hellip;]<\/p>\n","protected":false},"author":1,"featured_media":1533,"parent":15,"menu_order":0,"comment_status":"closed","ping_status":"closed","template":"","meta":{"footnotes":""},"class_list":["post-258","page","type-page","status-publish","has-post-thumbnail","hentry","has_thumb"],"_links":{"self":[{"href":"https:\/\/scoalavulcanbrasov.info\/index.php?rest_route=\/wp\/v2\/pages\/258","targetHints":{"allow":["GET"]}}],"collection":[{"href":"https:\/\/scoalavulcanbrasov.info\/index.php?rest_route=\/wp\/v2\/pages"}],"about":[{"href":"https:\/\/scoalavulcanbrasov.info\/index.php?rest_route=\/wp\/v2\/types\/page"}],"author":[{"embeddable":true,"href":"https:\/\/scoalavulcanbrasov.info\/index.php?rest_route=\/wp\/v2\/users\/1"}],"replies":[{"embeddable":true,"href":"https:\/\/scoalavulcanbrasov.info\/index.php?rest_route=%2Fwp%2Fv2%2Fcomments&post=258"}],"version-history":[{"count":29,"href":"https:\/\/scoalavulcanbrasov.info\/index.php?rest_route=\/wp\/v2\/pages\/258\/revisions"}],"predecessor-version":[{"id":2349,"href":"https:\/\/scoalavulcanbrasov.info\/index.php?rest_route=\/wp\/v2\/pages\/258\/revisions\/2349"}],"up":[{"embeddable":true,"href":"https:\/\/scoalavulcanbrasov.info\/index.php?rest_route=\/wp\/v2\/pages\/15"}],"wp:featuredmedia":[{"embeddable":true,"href":"https:\/\/scoalavulcanbrasov.info\/index.php?rest_route=\/wp\/v2\/media\/1533"}],"wp:attachment":[{"href":"https:\/\/scoalavulcanbrasov.info\/index.php?rest_route=%2Fwp%2Fv2%2Fmedia&parent=258"}],"curies":[{"name":"wp","href":"https:\/\/api.w.org\/{rel}","templated":true}]}}