{"id":2729,"date":"2025-05-13T11:20:39","date_gmt":"2025-05-13T09:20:39","guid":{"rendered":"https:\/\/scoalavulcanbrasov.info\/?page_id=2729"},"modified":"2025-10-20T12:51:48","modified_gmt":"2025-10-20T10:51:48","slug":"evaluare-nationala-clasele-246","status":"publish","type":"page","link":"https:\/\/scoalavulcanbrasov.info\/?page_id=2729","title":{"rendered":"Evaluare Na\u021bional\u0103 clasele 2,4,6"},"content":{"rendered":"<p style=\"text-align: center;\"><strong><a href=\"https:\/\/scoalavulcanbrasov.info\/wp-content\/uploads\/2014\/01\/examene.jpg\"><img loading=\"lazy\" decoding=\"async\" class=\"size-full wp-image-136 alignleft\" src=\"https:\/\/scoalavulcanbrasov.info\/wp-content\/uploads\/2014\/01\/examene.jpg\" alt=\"\" width=\"320\" height=\"229\" srcset=\"https:\/\/scoalavulcanbrasov.info\/wp-content\/uploads\/2014\/01\/examene.jpg 320w, https:\/\/scoalavulcanbrasov.info\/wp-content\/uploads\/2014\/01\/examene-300x214.jpg 300w, https:\/\/scoalavulcanbrasov.info\/wp-content\/uploads\/2014\/01\/examene-193x138.jpg 193w, https:\/\/scoalavulcanbrasov.info\/wp-content\/uploads\/2014\/01\/examene-250x178.jpg 250w\" sizes=\"(max-width: 320px) 100vw, 320px\" \/><\/a><\/strong><\/p>\n<p>&nbsp;<\/p>\n<p style=\"text-align: center;\"><span style=\"font-size: 16px;\"><strong>CALENDARUL<\/strong><\/span><br \/>\n<span style=\"font-size: 16px;\"><strong>de administrare a evalu\u0103rilor na\u021bionale de la finalul claselor a II-a, a IV-a \u0219i a VI-a <\/strong><strong>\u00een anul \u0219colar 2025 &#8211; 2026<\/strong><\/span><\/p>\n<p>&nbsp;<\/p>\n<p>&nbsp;<\/p>\n<p>&nbsp;<\/p>\n<p>&nbsp;<\/p>\n<p style=\"text-align: left;\"><strong>1. Evaluarea Na\u021bional\u0103 de la finalul clasei a II-a &#8211; EN II:<\/strong><br \/>\nLimb\u0103 \u0219i comunicare &#8211; Scris \u2013 Limba rom\u00e2n\u0103 \u2013 <strong>12 mai 2026<\/strong><br \/>\nLimb\u0103 \u0219i comunicare &#8211; Citit \u2013 Limba rom\u00e2n\u0103 &#8211;<strong> 13 mai 2026<\/strong><br \/>\nMatematic\u0103 \u0219i Explorarea mediului &#8211; <strong>14 mai 2026<\/strong><\/p>\n<p style=\"text-align: left;\"><strong>2. Evaluarea Na\u021bional\u0103 de la finalul clasei a IV-a &#8211; EN IV:<\/strong><br \/>\nLimb\u0103 \u0219i comunicare &#8211; Limba rom\u00e2n\u0103\/ Limba rom\u00e2n\u0103 pentru minorit\u0103\u021bile na\u021bionale &#8211; <strong>19 mai 2026<\/strong><br \/>\nMatematic\u0103 \u0219i \u0218tiin\u021be ale naturii &#8211; <strong>20 mai 2026<\/strong><\/p>\n<p style=\"text-align: left;\"><strong>3. Evaluarea Na\u021bional\u0103 de la finalul clasei a VI-a &#8211; EN VI:<\/strong><br \/>\nLimb\u0103 \u0219i comunicare &#8211; Limba rom\u00e2n\u0103\/ Limba rom\u00e2n\u0103 pentru minorit\u0103\u021bile na\u021bionale &#8211; <strong>26 mai 2026<\/strong><br \/>\nMatematic\u0103 \u0219i \u0218tiin\u021be &#8211; <strong>27 mai 2026<\/strong><\/p>\n<p>&nbsp;<\/p>\n<hr \/>\n<p>&nbsp;<\/p>\n<p><span style=\"font-size: 14pt;\"><strong>Metodologia de organizare \u0219i desf\u0103\u0219urare a evalu\u0103rilor na\u021bionale de la finalul claselor a II-a, a IV-a \u0219i a VI-a<\/strong><\/span><\/p>\n<p>&nbsp;<\/p>\n<a href=\"https:\/\/scoalavulcanbrasov.info\/wp-content\/uploads\/2025\/10\/Ordin-EN-246-2026.pdf\" class=\"pdfemb-viewer\" style=\"\" data-width=\"max\" data-height=\"max\" data-toolbar=\"both\" data-toolbar-fixed=\"on\">Ordin EN 246 2026<\/a>\n","protected":false},"excerpt":{"rendered":"<p>&nbsp; CALENDARUL de administrare a evalu\u0103rilor na\u021bionale de la finalul claselor a II-a, a IV-a \u0219i a VI-a \u00een anul \u0219colar 2025 &#8211; 2026 &nbsp; &nbsp; &nbsp; &nbsp; 1. Evaluarea [&hellip;]<\/p>\n","protected":false},"author":1,"featured_media":1912,"parent":0,"menu_order":0,"comment_status":"closed","ping_status":"closed","template":"","meta":{"footnotes":""},"_links":{"self":[{"href":"https:\/\/scoalavulcanbrasov.info\/index.php?rest_route=\/wp\/v2\/pages\/2729"}],"collection":[{"href":"https:\/\/scoalavulcanbrasov.info\/index.php?rest_route=\/wp\/v2\/pages"}],"about":[{"href":"https:\/\/scoalavulcanbrasov.info\/index.php?rest_route=\/wp\/v2\/types\/page"}],"author":[{"embeddable":true,"href":"https:\/\/scoalavulcanbrasov.info\/index.php?rest_route=\/wp\/v2\/users\/1"}],"replies":[{"embeddable":true,"href":"https:\/\/scoalavulcanbrasov.info\/index.php?rest_route=%2Fwp%2Fv2%2Fcomments&post=2729"}],"version-history":[{"count":13,"href":"https:\/\/scoalavulcanbrasov.info\/index.php?rest_route=\/wp\/v2\/pages\/2729\/revisions"}],"predecessor-version":[{"id":2852,"href":"https:\/\/scoalavulcanbrasov.info\/index.php?rest_route=\/wp\/v2\/pages\/2729\/revisions\/2852"}],"wp:featuredmedia":[{"embeddable":true,"href":"https:\/\/scoalavulcanbrasov.info\/index.php?rest_route=\/wp\/v2\/media\/1912"}],"wp:attachment":[{"href":"https:\/\/scoalavulcanbrasov.info\/index.php?rest_route=%2Fwp%2Fv2%2Fmedia&parent=2729"}],"curies":[{"name":"wp","href":"https:\/\/api.w.org\/{rel}","templated":true}]}}